{"id":2789,"date":"2024-06-09T17:44:28","date_gmt":"2024-06-09T17:44:28","guid":{"rendered":"https:\/\/telematiqs.com\/politica-de-cookies\/"},"modified":"2024-06-11T18:59:19","modified_gmt":"2024-06-11T18:59:19","slug":"politica-de-cookies","status":"publish","type":"page","link":"https:\/\/telematiqs.com\/es\/politica-de-cookies\/","title":{"rendered":"Pol\u00edtica de cookies"},"content":{"rendered":"\t\t<div data-elementor-type=\"wp-page\" data-elementor-id=\"2789\" class=\"elementor elementor-2789 elementor-2530\" data-elementor-post-type=\"page\">\n\t\t\t\t<div class=\"elementor-element elementor-element-96dfa39 e-flex e-con-boxed e-con e-parent\" data-id=\"96dfa39\" data-element_type=\"container\" data-e-type=\"container\">\n\t\t\t\t\t<div class=\"e-con-inner\">\n\t\t\t\t<div class=\"elementor-element elementor-element-2734759 elementor-widget elementor-widget-heading\" data-id=\"2734759\" data-element_type=\"widget\" data-e-type=\"widget\" data-widget_type=\"heading.default\">\n\t\t\t\t<div class=\"elementor-widget-container\">\n\t\t\t\t\t<h1 class=\"elementor-heading-title elementor-size-default\">Pol\u00edtica de cookies<\/h1>\t\t\t\t<\/div>\n\t\t\t\t<\/div>\n\t\t\t\t<div class=\"elementor-element elementor-element-d787534 elementor-widget elementor-widget-text-editor\" data-id=\"d787534\" data-element_type=\"widget\" data-e-type=\"widget\" data-widget_type=\"text-editor.default\">\n\t\t\t\t<div class=\"elementor-widget-container\">\n\t\t\t\t\t\t\t\t\t<p>Esta es la Pol\u00edtica de Cookies del Sitio Web de TelematiQs, accesible desde https:\/\/telematiqs.com<\/p>\n<h5><strong>Qu\u00e9 son las cookies<\/strong><\/h5>\n<p>Como es pr\u00e1ctica habitual en casi todos los sitios web profesionales, este sitio utiliza cookies, que son peque\u00f1os archivos que se descargan en tu ordenador, para mejorar tu experiencia. Esta p\u00e1gina describe qu\u00e9 informaci\u00f3n recopilan, c\u00f3mo la utilizamos y por qu\u00e9 a veces necesitamos almacenar estas cookies. Tambi\u00e9n te diremos c\u00f3mo puedes evitar que se almacenen estas cookies, aunque esto puede degradar o \u00abromper\u00bb ciertos elementos de la funcionalidad de los sitios.<\/p>\n<h5><strong>C\u00f3mo utilizamos las cookies<\/strong><\/h5>\n<p>Utilizamos cookies por diversas razones que se detallan a continuaci\u00f3n. Lamentablemente, en la mayor\u00eda de los casos no existen opciones est\u00e1ndar para desactivar las cookies sin desactivar por completo la funcionalidad y las caracter\u00edsticas que a\u00f1aden a este sitio. Se recomienda que dejes activadas todas las cookies si no est\u00e1s seguro de si las necesitas o no en caso de que se utilicen para proporcionar un servicio que utilizas.<\/p>\n<h5><strong>Desactivar las cookies<\/strong><\/h5>\n<p>Puedes impedir la instalaci\u00f3n de cookies ajustando la configuraci\u00f3n de tu navegador (consulta la Ayuda de tu navegador para saber c\u00f3mo hacerlo). Ten en cuenta que desactivar las cookies afectar\u00e1 a la funcionalidad de \u00e9ste y de muchos otros sitios web que visites. Deshabilitar las cookies normalmente implicar\u00e1 tambi\u00e9n deshabilitar ciertas funciones y caracter\u00edsticas de este sitio. Por lo tanto, se recomienda que no desactives las cookies.  <\/p>\n<h5><strong>Las cookies que instalamos<\/strong><\/h5>\n<ul>\n<li>\n<p>Cookies relacionadas con formularios<\/p>\n<p>Cuando env\u00edas datos a trav\u00e9s de un formulario, como los que se encuentran en las p\u00e1ginas de contacto o en los formularios de comentarios, se pueden establecer cookies para recordar tus datos de usuario para futuras correspondencias.<\/p>\n<\/li>\n<li>\n<p>Cookies de preferencias del sitio<\/p>\n<p>Para proporcionarte una gran experiencia en este sitio, te ofrecemos la funcionalidad de establecer tus preferencias sobre c\u00f3mo funciona este sitio cuando lo utilizas. Con el fin de recordar tus preferencias, necesitamos establecer cookies para que esta informaci\u00f3n pueda ser llamada cada vez que interact\u00faes con una p\u00e1gina se vea afectada por tus preferencias.<\/p>\n<\/li>\n<\/ul>\n<h5><strong>Cookies de terceros<\/strong><\/h5>\n<p>En algunos casos especiales tambi\u00e9n utilizamos cookies proporcionadas por terceros de confianza. La siguiente secci\u00f3n detalla qu\u00e9 cookies de terceros puedes encontrar a trav\u00e9s de este sitio.<\/p>\n<ul>\n<li>\n<p>Este sitio utiliza Google Analytics, que es una de las soluciones anal\u00edticas m\u00e1s extendidas y fiables de la web para ayudarnos a comprender c\u00f3mo utilizas el sitio y las formas en que podemos mejorar tu experiencia. Estas cookies pueden rastrear cosas como el tiempo que pasas en el sitio y las p\u00e1ginas que visitas para que podamos seguir produciendo contenidos atractivos.<\/p>\n<p>Para obtener m\u00e1s informaci\u00f3n sobre las cookies de Google Analytics, consulta la p\u00e1gina oficial de Google Analytics.<\/p>\n<\/li>\n<li>\n<p>De vez en cuando probamos nuevas funciones y hacemos cambios sutiles en la forma en que se ofrece el sitio. Cuando todav\u00eda estamos probando nuevas funciones, estas cookies pueden utilizarse para garantizar que recibes una experiencia coherente mientras est\u00e1s en el sitio, al tiempo que nos aseguramos de comprender qu\u00e9 optimizaciones aprecian m\u00e1s nuestros usuarios.<\/p>\n<\/li>\n<li>\n<p>El servicio Google AdSense que utilizamos para publicar publicidad utiliza una cookie de DoubleClick para publicar anuncios m\u00e1s relevantes en la web y limitar el n\u00famero de veces que se te muestra un anuncio determinado.<\/p>\n<p>Para obtener m\u00e1s informaci\u00f3n sobre Google AdSense, consulta las preguntas frecuentes oficiales sobre privacidad de Google AdSense.<\/p>\n<\/li>\n<li>\n<p>Utilizamos anuncios para compensar los costes de funcionamiento de este sitio y proporcionar financiaci\u00f3n para su desarrollo futuro. Las cookies de publicidad comportamental utilizadas por este sitio est\u00e1n dise\u00f1adas para garantizar que te proporcionamos los anuncios m\u00e1s relevantes siempre que sea posible, rastreando de forma an\u00f3nima tus intereses y present\u00e1ndote cosas similares que puedan ser de tu inter\u00e9s.<\/p>\n<\/li>\n<\/ul>\n<h5><strong>M\u00e1s informaci\u00f3n<\/strong><\/h5>\n<p>Espero que esto te haya aclarado las cosas y, como se ha mencionado anteriormente, si hay algo que no est\u00e1s seguro de si necesitas o no, normalmente es m\u00e1s seguro dejar las cookies activadas por si interact\u00faan con alguna de las funciones que utilizas en nuestro sitio.<\/p>\n<p>No obstante, si sigues buscando m\u00e1s informaci\u00f3n, puedes ponerte en contacto con nosotros a trav\u00e9s de uno de nuestros m\u00e9todos de contacto preferidos:<\/p>\n<ul>\n<li>Correo electr\u00f3nico: info@telematiqs.com<\/li>\n<\/ul>\n\t\t\t\t\t\t\t\t<\/div>\n\t\t\t\t<\/div>\n\t\t\t\t\t<\/div>\n\t\t\t\t<\/div>\n\t\t\t\t<\/div>\n\t\t","protected":false},"excerpt":{"rendered":"<p>Pol\u00edtica de cookies Esta es la Pol\u00edtica de Cookies del Sitio Web de TelematiQs, accesible desde https:\/\/telematiqs.com Qu\u00e9 son las cookies Como es pr\u00e1ctica habitual en casi todos los sitios web profesionales, este sitio utiliza cookies, que son peque\u00f1os archivos que se descargan en tu ordenador, para mejorar tu experiencia. Esta p\u00e1gina describe qu\u00e9 informaci\u00f3n [&hellip;]<\/p>\n","protected":false},"author":1,"featured_media":0,"parent":0,"menu_order":0,"comment_status":"closed","ping_status":"closed","template":"","meta":{"footnotes":""},"class_list":["post-2789","page","type-page","status-publish","hentry"],"yoast_head":"<!-- This site is optimized with the Yoast SEO plugin v27.3 - https:\/\/yoast.com\/product\/yoast-seo-wordpress\/ -->\n<title>Pol\u00edtica de cookies - Fleetmanagment | GNSS | CAN-bus | BLE | telematiQs<\/title>\n<meta name=\"robots\" content=\"index, follow, max-snippet:-1, max-image-preview:large, max-video-preview:-1\" \/>\n<link rel=\"canonical\" href=\"https:\/\/telematiqs.com\/es\/politica-de-cookies\/\" \/>\n<meta property=\"og:locale\" content=\"es_ES\" \/>\n<meta property=\"og:type\" content=\"article\" \/>\n<meta property=\"og:title\" content=\"Pol\u00edtica de cookies - Fleetmanagment | GNSS | CAN-bus | BLE | telematiQs\" \/>\n<meta property=\"og:description\" content=\"Pol\u00edtica de cookies Esta es la Pol\u00edtica de Cookies del Sitio Web de TelematiQs, accesible desde https:\/\/telematiqs.com Qu\u00e9 son las cookies Como es pr\u00e1ctica habitual en casi todos los sitios web profesionales, este sitio utiliza cookies, que son peque\u00f1os archivos que se descargan en tu ordenador, para mejorar tu experiencia. Esta p\u00e1gina describe qu\u00e9 informaci\u00f3n [&hellip;]\" \/>\n<meta property=\"og:url\" content=\"https:\/\/telematiqs.com\/es\/politica-de-cookies\/\" \/>\n<meta property=\"og:site_name\" content=\"Fleetmanagment | GNSS | CAN-bus | BLE | telematiQs\" \/>\n<meta property=\"article:modified_time\" content=\"2024-06-11T18:59:19+00:00\" \/>\n<meta name=\"twitter:card\" content=\"summary_large_image\" \/>\n<meta name=\"twitter:label1\" content=\"Tiempo de lectura\" \/>\n\t<meta name=\"twitter:data1\" content=\"4 minutos\" \/>\n<script type=\"application\/ld+json\" class=\"yoast-schema-graph\">{\"@context\":\"https:\\\/\\\/schema.org\",\"@graph\":[{\"@type\":\"WebPage\",\"@id\":\"https:\\\/\\\/telematiqs.com\\\/es\\\/politica-de-cookies\\\/\",\"url\":\"https:\\\/\\\/telematiqs.com\\\/es\\\/politica-de-cookies\\\/\",\"name\":\"Pol\u00edtica de cookies - Fleetmanagment | GNSS | CAN-bus | BLE | telematiQs\",\"isPartOf\":{\"@id\":\"https:\\\/\\\/telematiqs.com\\\/es\\\/#website\"},\"datePublished\":\"2024-06-09T17:44:28+00:00\",\"dateModified\":\"2024-06-11T18:59:19+00:00\",\"breadcrumb\":{\"@id\":\"https:\\\/\\\/telematiqs.com\\\/es\\\/politica-de-cookies\\\/#breadcrumb\"},\"inLanguage\":\"es\",\"potentialAction\":[{\"@type\":\"ReadAction\",\"target\":[\"https:\\\/\\\/telematiqs.com\\\/es\\\/politica-de-cookies\\\/\"]}]},{\"@type\":\"BreadcrumbList\",\"@id\":\"https:\\\/\\\/telematiqs.com\\\/es\\\/politica-de-cookies\\\/#breadcrumb\",\"itemListElement\":[{\"@type\":\"ListItem\",\"position\":1,\"name\":\"Home\",\"item\":\"https:\\\/\\\/telematiqs.com\\\/es\\\/inicio\\\/\"},{\"@type\":\"ListItem\",\"position\":2,\"name\":\"Pol\u00edtica de cookies\"}]},{\"@type\":\"WebSite\",\"@id\":\"https:\\\/\\\/telematiqs.com\\\/es\\\/#website\",\"url\":\"https:\\\/\\\/telematiqs.com\\\/es\\\/\",\"name\":\"Fleetmanagment | GNSS | CAN-bus | BLE | telematiQs\",\"description\":\"Transform vehicles into data\",\"publisher\":{\"@id\":\"https:\\\/\\\/telematiqs.com\\\/es\\\/#organization\"},\"potentialAction\":[{\"@type\":\"SearchAction\",\"target\":{\"@type\":\"EntryPoint\",\"urlTemplate\":\"https:\\\/\\\/telematiqs.com\\\/es\\\/?s={search_term_string}\"},\"query-input\":{\"@type\":\"PropertyValueSpecification\",\"valueRequired\":true,\"valueName\":\"search_term_string\"}}],\"inLanguage\":\"es\"},{\"@type\":\"Organization\",\"@id\":\"https:\\\/\\\/telematiqs.com\\\/es\\\/#organization\",\"name\":\"telematiQs\",\"url\":\"https:\\\/\\\/telematiqs.com\\\/es\\\/\",\"logo\":{\"@type\":\"ImageObject\",\"inLanguage\":\"es\",\"@id\":\"https:\\\/\\\/telematiqs.com\\\/es\\\/#\\\/schema\\\/logo\\\/image\\\/\",\"url\":\"https:\\\/\\\/telematiqs.com\\\/wp-content\\\/uploads\\\/2024\\\/06\\\/Tekengebied-1.webp\",\"contentUrl\":\"https:\\\/\\\/telematiqs.com\\\/wp-content\\\/uploads\\\/2024\\\/06\\\/Tekengebied-1.webp\",\"width\":309,\"height\":156,\"caption\":\"telematiQs\"},\"image\":{\"@id\":\"https:\\\/\\\/telematiqs.com\\\/es\\\/#\\\/schema\\\/logo\\\/image\\\/\"}}]}<\/script>\n<!-- \/ Yoast SEO plugin. -->","yoast_head_json":{"title":"Pol\u00edtica de cookies - Fleetmanagment | GNSS | CAN-bus | BLE | telematiQs","robots":{"index":"index","follow":"follow","max-snippet":"max-snippet:-1","max-image-preview":"max-image-preview:large","max-video-preview":"max-video-preview:-1"},"canonical":"https:\/\/telematiqs.com\/es\/politica-de-cookies\/","og_locale":"es_ES","og_type":"article","og_title":"Pol\u00edtica de cookies - Fleetmanagment | GNSS | CAN-bus | BLE | telematiQs","og_description":"Pol\u00edtica de cookies Esta es la Pol\u00edtica de Cookies del Sitio Web de TelematiQs, accesible desde https:\/\/telematiqs.com Qu\u00e9 son las cookies Como es pr\u00e1ctica habitual en casi todos los sitios web profesionales, este sitio utiliza cookies, que son peque\u00f1os archivos que se descargan en tu ordenador, para mejorar tu experiencia. Esta p\u00e1gina describe qu\u00e9 informaci\u00f3n [&hellip;]","og_url":"https:\/\/telematiqs.com\/es\/politica-de-cookies\/","og_site_name":"Fleetmanagment | GNSS | CAN-bus | BLE | telematiQs","article_modified_time":"2024-06-11T18:59:19+00:00","twitter_card":"summary_large_image","twitter_misc":{"Tiempo de lectura":"4 minutos"},"schema":{"@context":"https:\/\/schema.org","@graph":[{"@type":"WebPage","@id":"https:\/\/telematiqs.com\/es\/politica-de-cookies\/","url":"https:\/\/telematiqs.com\/es\/politica-de-cookies\/","name":"Pol\u00edtica de cookies - Fleetmanagment | GNSS | CAN-bus | BLE | telematiQs","isPartOf":{"@id":"https:\/\/telematiqs.com\/es\/#website"},"datePublished":"2024-06-09T17:44:28+00:00","dateModified":"2024-06-11T18:59:19+00:00","breadcrumb":{"@id":"https:\/\/telematiqs.com\/es\/politica-de-cookies\/#breadcrumb"},"inLanguage":"es","potentialAction":[{"@type":"ReadAction","target":["https:\/\/telematiqs.com\/es\/politica-de-cookies\/"]}]},{"@type":"BreadcrumbList","@id":"https:\/\/telematiqs.com\/es\/politica-de-cookies\/#breadcrumb","itemListElement":[{"@type":"ListItem","position":1,"name":"Home","item":"https:\/\/telematiqs.com\/es\/inicio\/"},{"@type":"ListItem","position":2,"name":"Pol\u00edtica de cookies"}]},{"@type":"WebSite","@id":"https:\/\/telematiqs.com\/es\/#website","url":"https:\/\/telematiqs.com\/es\/","name":"Fleetmanagment | GNSS | CAN-bus | BLE | telematiQs","description":"Transform vehicles into data","publisher":{"@id":"https:\/\/telematiqs.com\/es\/#organization"},"potentialAction":[{"@type":"SearchAction","target":{"@type":"EntryPoint","urlTemplate":"https:\/\/telematiqs.com\/es\/?s={search_term_string}"},"query-input":{"@type":"PropertyValueSpecification","valueRequired":true,"valueName":"search_term_string"}}],"inLanguage":"es"},{"@type":"Organization","@id":"https:\/\/telematiqs.com\/es\/#organization","name":"telematiQs","url":"https:\/\/telematiqs.com\/es\/","logo":{"@type":"ImageObject","inLanguage":"es","@id":"https:\/\/telematiqs.com\/es\/#\/schema\/logo\/image\/","url":"https:\/\/telematiqs.com\/wp-content\/uploads\/2024\/06\/Tekengebied-1.webp","contentUrl":"https:\/\/telematiqs.com\/wp-content\/uploads\/2024\/06\/Tekengebied-1.webp","width":309,"height":156,"caption":"telematiQs"},"image":{"@id":"https:\/\/telematiqs.com\/es\/#\/schema\/logo\/image\/"}}]}},"_links":{"self":[{"href":"https:\/\/telematiqs.com\/es\/wp-json\/wp\/v2\/pages\/2789","targetHints":{"allow":["GET"]}}],"collection":[{"href":"https:\/\/telematiqs.com\/es\/wp-json\/wp\/v2\/pages"}],"about":[{"href":"https:\/\/telematiqs.com\/es\/wp-json\/wp\/v2\/types\/page"}],"author":[{"embeddable":true,"href":"https:\/\/telematiqs.com\/es\/wp-json\/wp\/v2\/users\/1"}],"replies":[{"embeddable":true,"href":"https:\/\/telematiqs.com\/es\/wp-json\/wp\/v2\/comments?post=2789"}],"version-history":[{"count":1,"href":"https:\/\/telematiqs.com\/es\/wp-json\/wp\/v2\/pages\/2789\/revisions"}],"predecessor-version":[{"id":2790,"href":"https:\/\/telematiqs.com\/es\/wp-json\/wp\/v2\/pages\/2789\/revisions\/2790"}],"wp:attachment":[{"href":"https:\/\/telematiqs.com\/es\/wp-json\/wp\/v2\/media?parent=2789"}],"curies":[{"name":"wp","href":"https:\/\/api.w.org\/{rel}","templated":true}]}}