{"id":2793,"date":"2024-06-09T17:45:20","date_gmt":"2024-06-09T17:45:20","guid":{"rendered":"https:\/\/telematiqs.com\/dcma\/"},"modified":"2024-06-11T19:10:47","modified_gmt":"2024-06-11T19:10:47","slug":"dcma","status":"publish","type":"page","link":"https:\/\/telematiqs.com\/es\/dcma\/","title":{"rendered":"DCMA"},"content":{"rendered":"\t\t<div data-elementor-type=\"wp-page\" data-elementor-id=\"2793\" class=\"elementor elementor-2793 elementor-2540\" data-elementor-post-type=\"page\">\n\t\t\t\t<div class=\"elementor-element elementor-element-aedacb7 e-flex e-con-boxed e-con e-parent\" data-id=\"aedacb7\" data-element_type=\"container\" data-e-type=\"container\">\n\t\t\t\t\t<div class=\"e-con-inner\">\n\t\t\t\t<div class=\"elementor-element elementor-element-d226efa elementor-widget elementor-widget-heading\" data-id=\"d226efa\" data-element_type=\"widget\" data-e-type=\"widget\" data-widget_type=\"heading.default\">\n\t\t\t\t<div class=\"elementor-widget-container\">\n\t\t\t\t\t<h1 class=\"elementor-heading-title elementor-size-default\">Pol\u00edtica DMCA<\/h1>\t\t\t\t<\/div>\n\t\t\t\t<\/div>\n\t\t\t\t<div class=\"elementor-element elementor-element-c56c7e9 elementor-widget elementor-widget-text-editor\" data-id=\"c56c7e9\" data-element_type=\"widget\" data-e-type=\"widget\" data-widget_type=\"text-editor.default\">\n\t\t\t\t<div class=\"elementor-widget-container\">\n\t\t\t\t\t\t\t\t\t<p>La Ley de Derechos de Autor del Milenio Digital (\u00abDMCA\u00bb) est\u00e1 dise\u00f1ada para proteger a los creadores de contenidos de que otras personas roben y publiquen su trabajo en Internet.<\/p>\n<p>La ley se dirige espec\u00edficamente a los sitios web en los que los propietarios no saben qui\u00e9n ha aportado cada contenido o que el sitio web es una plataforma para subir y publicar contenidos.<\/p>\n<p>Tenemos la pol\u00edtica de responder a cualquier aviso de infracci\u00f3n y tomar las medidas adecuadas.<\/p>\n<p>Esta pol\u00edtica de la Ley de Derechos de Autor del Milenio Digital se aplica a  <strong>\u00abhttps:\/\/www.telematiQs.com\u00bb<\/strong>  sitio web (\u00abSitio Web\u00bb o \u00abServicio\u00bb) y cualquiera de sus productos y servicios relacionados (colectivamente, \u00abServicios\u00bb) y describe c\u00f3mo el operador de este Sitio Web (\u00abOperador\u00bb, \u00abnosotros\u00bb, \u00abnos\u00bb o \u00abnuestro\u00bb) aborda las notificaciones de infracci\u00f3n de derechos de autor y c\u00f3mo t\u00fa (\u00abt\u00fa\u00bb o \u00abtu\u00bb) puedes presentar una reclamaci\u00f3n por infracci\u00f3n de derechos de autor.<\/p>\n<p>La protecci\u00f3n de la propiedad intelectual es de suma importancia para nosotros y pedimos a nuestros usuarios y a sus agentes autorizados que hagan lo mismo. Nuestra pol\u00edtica es responder r\u00e1pidamente a las notificaciones claras de supuestas infracciones de derechos de autor que cumplan con la Ley de Derechos de Autor del Milenio Digital de Estados Unidos (\u00abDMCA\u00bb) de 1998, cuyo texto se puede encontrar en la Oficina de Derechos de Autor de EE.UU. <a href=\"https:\/\/www.copyright.gov\/\"><br \/>\n  <strong>sitio web<\/strong><br \/>\n<\/a>.<\/p>\n<h5><strong>Qu\u00e9 hay que tener en cuenta antes de presentar una reclamaci\u00f3n por derechos de autor<\/strong><\/h5>\n<p>Por favor, ten en cuenta que si no est\u00e1s seguro de si el material que est\u00e1s denunciando est\u00e1 realmente infringiendo la ley, es posible que desees ponerte en contacto con un abogado antes de presentarnos una notificaci\u00f3n.<\/p>\n<p>La DMCA exige que facilites tus datos personales en la notificaci\u00f3n de infracci\u00f3n de derechos de autor. Si te preocupa la privacidad de tu informaci\u00f3n personal.<\/p>\n<h5><strong>Notificaciones de infracci\u00f3n<\/strong><\/h5>\n<p>Si eres propietario de derechos de autor o un agente de los mismos, y crees que cualquier material disponible en nuestros Servicios infringe tus derechos de autor, puedes enviar una notificaci\u00f3n por escrito de infracci\u00f3n de derechos de autor (\u00abNotificaci\u00f3n\u00bb) utilizando los datos de contacto que se indican a continuaci\u00f3n, de conformidad con la DMCA. Todas estas Notificaciones deben cumplir los requisitos de la DMCA.<\/p>\n<p>Presentar una denuncia DMCA es el inicio de un proceso legal predefinido. Se revisar\u00e1 la exactitud, validez e integridad de tu reclamaci\u00f3n. Si tu reclamaci\u00f3n cumple estos requisitos, nuestra respuesta puede incluir la eliminaci\u00f3n o restricci\u00f3n del acceso al material supuestamente infractor.<\/p>\n<p>Si eliminamos o restringimos el acceso a materiales o cancelamos una cuenta en respuesta a una Notificaci\u00f3n de presunta infracci\u00f3n, haremos un esfuerzo de buena fe para ponernos en contacto con el usuario afectado con informaci\u00f3n relativa a la eliminaci\u00f3n o restricci\u00f3n del acceso.<\/p>\n<p>Sin perjuicio de cualquier disposici\u00f3n en contrario contenida en cualquier parte de esta Pol\u00edtica, el Operador se reserva el derecho a no emprender ninguna acci\u00f3n tras la recepci\u00f3n de una notificaci\u00f3n de infracci\u00f3n de derechos de autor de la DMCA si no cumple todos los requisitos de la DMCA para dichas notificaciones.<\/p>\n<p>El proceso descrito en esta Pol\u00edtica no limita nuestra capacidad de recurrir a cualquier otro recurso que podamos tener para hacer frente a una presunta infracci\u00f3n.<\/p>\n<h5><strong>Cambios y modificaciones<\/strong><\/h5>\n<p>Nos reservamos el derecho a modificar esta Pol\u00edtica o sus t\u00e9rminos relacionados con el Sitio Web y los Servicios en cualquier momento y a nuestra discreci\u00f3n. Cuando lo hagamos, publicaremos una notificaci\u00f3n en la p\u00e1gina principal del Sitio Web, te enviaremos un correo electr\u00f3nico para notific\u00e1rtelo. Tambi\u00e9n podemos avisarte de otras formas a nuestra discreci\u00f3n, como a trav\u00e9s de la informaci\u00f3n de contacto que nos hayas proporcionado.<\/p>\n<p>Una versi\u00f3n actualizada de esta Pol\u00edtica entrar\u00e1 en vigor inmediatamente despu\u00e9s de la publicaci\u00f3n de la Pol\u00edtica revisada, a menos que se especifique lo contrario. Tu uso continuado del Sitio Web y de los Servicios despu\u00e9s de la fecha de entrada en vigor de la Pol\u00edtica revisada (o de cualquier otro acto especificado en ese momento) constituir\u00e1 tu consentimiento a dichos cambios.<\/p>\n<h5><strong>Informar de infracciones de derechos de autor<\/strong><\/h5>\n<p>Si deseas notificarnos la existencia de material o actividad infractora, te animamos a que te pongas en contacto con nosotros a trav\u00e9s de la direcci\u00f3n de correo electr\u00f3nico que se indica a continuaci\u00f3n.<\/p>\n<p><strong>Correo electr\u00f3nico: info@telematiqs.com<\/strong><\/p>\n<p><strong>Por favor, espera 1-2 d\u00edas laborables para recibir una respuesta por correo electr\u00f3nico.<\/strong><\/p>\n\t\t\t\t\t\t\t\t<\/div>\n\t\t\t\t<\/div>\n\t\t\t\t\t<\/div>\n\t\t\t\t<\/div>\n\t\t\t\t<\/div>\n\t\t","protected":false},"excerpt":{"rendered":"<p>Pol\u00edtica DMCA La Ley de Derechos de Autor del Milenio Digital (\u00abDMCA\u00bb) est\u00e1 dise\u00f1ada para proteger a los creadores de contenidos de que otras personas roben y publiquen su trabajo en Internet. La ley se dirige espec\u00edficamente a los sitios web en los que los propietarios no saben qui\u00e9n ha aportado cada contenido o que [&hellip;]<\/p>\n","protected":false},"author":1,"featured_media":0,"parent":0,"menu_order":0,"comment_status":"closed","ping_status":"closed","template":"","meta":{"footnotes":""},"class_list":["post-2793","page","type-page","status-publish","hentry"],"yoast_head":"<!-- This site is optimized with the Yoast SEO plugin v27.3 - https:\/\/yoast.com\/product\/yoast-seo-wordpress\/ -->\n<title>DCMA - Fleetmanagment | GNSS | CAN-bus | BLE | telematiQs<\/title>\n<meta name=\"robots\" content=\"index, follow, max-snippet:-1, max-image-preview:large, max-video-preview:-1\" \/>\n<link rel=\"canonical\" href=\"https:\/\/telematiqs.com\/es\/dcma\/\" \/>\n<meta property=\"og:locale\" content=\"es_ES\" \/>\n<meta property=\"og:type\" content=\"article\" \/>\n<meta property=\"og:title\" content=\"DCMA - Fleetmanagment | GNSS | CAN-bus | BLE | telematiQs\" \/>\n<meta property=\"og:description\" content=\"Pol\u00edtica DMCA La Ley de Derechos de Autor del Milenio Digital (\u00abDMCA\u00bb) est\u00e1 dise\u00f1ada para proteger a los creadores de contenidos de que otras personas roben y publiquen su trabajo en Internet. La ley se dirige espec\u00edficamente a los sitios web en los que los propietarios no saben qui\u00e9n ha aportado cada contenido o que [&hellip;]\" \/>\n<meta property=\"og:url\" content=\"https:\/\/telematiqs.com\/es\/dcma\/\" \/>\n<meta property=\"og:site_name\" content=\"Fleetmanagment | GNSS | CAN-bus | BLE | telematiQs\" \/>\n<meta property=\"article:modified_time\" content=\"2024-06-11T19:10:47+00:00\" \/>\n<meta name=\"twitter:card\" content=\"summary_large_image\" \/>\n<meta name=\"twitter:label1\" content=\"Tiempo de lectura\" \/>\n\t<meta name=\"twitter:data1\" content=\"4 minutos\" \/>\n<script type=\"application\/ld+json\" class=\"yoast-schema-graph\">{\"@context\":\"https:\\\/\\\/schema.org\",\"@graph\":[{\"@type\":\"WebPage\",\"@id\":\"https:\\\/\\\/telematiqs.com\\\/es\\\/dcma\\\/\",\"url\":\"https:\\\/\\\/telematiqs.com\\\/es\\\/dcma\\\/\",\"name\":\"DCMA - Fleetmanagment | GNSS | CAN-bus | BLE | telematiQs\",\"isPartOf\":{\"@id\":\"https:\\\/\\\/telematiqs.com\\\/es\\\/#website\"},\"datePublished\":\"2024-06-09T17:45:20+00:00\",\"dateModified\":\"2024-06-11T19:10:47+00:00\",\"breadcrumb\":{\"@id\":\"https:\\\/\\\/telematiqs.com\\\/es\\\/dcma\\\/#breadcrumb\"},\"inLanguage\":\"es\",\"potentialAction\":[{\"@type\":\"ReadAction\",\"target\":[\"https:\\\/\\\/telematiqs.com\\\/es\\\/dcma\\\/\"]}]},{\"@type\":\"BreadcrumbList\",\"@id\":\"https:\\\/\\\/telematiqs.com\\\/es\\\/dcma\\\/#breadcrumb\",\"itemListElement\":[{\"@type\":\"ListItem\",\"position\":1,\"name\":\"Home\",\"item\":\"https:\\\/\\\/telematiqs.com\\\/es\\\/inicio\\\/\"},{\"@type\":\"ListItem\",\"position\":2,\"name\":\"DCMA\"}]},{\"@type\":\"WebSite\",\"@id\":\"https:\\\/\\\/telematiqs.com\\\/es\\\/#website\",\"url\":\"https:\\\/\\\/telematiqs.com\\\/es\\\/\",\"name\":\"Fleetmanagment | GNSS | CAN-bus | BLE | telematiQs\",\"description\":\"Transform vehicles into data\",\"publisher\":{\"@id\":\"https:\\\/\\\/telematiqs.com\\\/es\\\/#organization\"},\"potentialAction\":[{\"@type\":\"SearchAction\",\"target\":{\"@type\":\"EntryPoint\",\"urlTemplate\":\"https:\\\/\\\/telematiqs.com\\\/es\\\/?s={search_term_string}\"},\"query-input\":{\"@type\":\"PropertyValueSpecification\",\"valueRequired\":true,\"valueName\":\"search_term_string\"}}],\"inLanguage\":\"es\"},{\"@type\":\"Organization\",\"@id\":\"https:\\\/\\\/telematiqs.com\\\/es\\\/#organization\",\"name\":\"telematiQs\",\"url\":\"https:\\\/\\\/telematiqs.com\\\/es\\\/\",\"logo\":{\"@type\":\"ImageObject\",\"inLanguage\":\"es\",\"@id\":\"https:\\\/\\\/telematiqs.com\\\/es\\\/#\\\/schema\\\/logo\\\/image\\\/\",\"url\":\"https:\\\/\\\/telematiqs.com\\\/wp-content\\\/uploads\\\/2024\\\/06\\\/Tekengebied-1.webp\",\"contentUrl\":\"https:\\\/\\\/telematiqs.com\\\/wp-content\\\/uploads\\\/2024\\\/06\\\/Tekengebied-1.webp\",\"width\":309,\"height\":156,\"caption\":\"telematiQs\"},\"image\":{\"@id\":\"https:\\\/\\\/telematiqs.com\\\/es\\\/#\\\/schema\\\/logo\\\/image\\\/\"}}]}<\/script>\n<!-- \/ Yoast SEO plugin. -->","yoast_head_json":{"title":"DCMA - Fleetmanagment | GNSS | CAN-bus | BLE | telematiQs","robots":{"index":"index","follow":"follow","max-snippet":"max-snippet:-1","max-image-preview":"max-image-preview:large","max-video-preview":"max-video-preview:-1"},"canonical":"https:\/\/telematiqs.com\/es\/dcma\/","og_locale":"es_ES","og_type":"article","og_title":"DCMA - Fleetmanagment | GNSS | CAN-bus | BLE | telematiQs","og_description":"Pol\u00edtica DMCA La Ley de Derechos de Autor del Milenio Digital (\u00abDMCA\u00bb) est\u00e1 dise\u00f1ada para proteger a los creadores de contenidos de que otras personas roben y publiquen su trabajo en Internet. La ley se dirige espec\u00edficamente a los sitios web en los que los propietarios no saben qui\u00e9n ha aportado cada contenido o que [&hellip;]","og_url":"https:\/\/telematiqs.com\/es\/dcma\/","og_site_name":"Fleetmanagment | GNSS | CAN-bus | BLE | telematiQs","article_modified_time":"2024-06-11T19:10:47+00:00","twitter_card":"summary_large_image","twitter_misc":{"Tiempo de lectura":"4 minutos"},"schema":{"@context":"https:\/\/schema.org","@graph":[{"@type":"WebPage","@id":"https:\/\/telematiqs.com\/es\/dcma\/","url":"https:\/\/telematiqs.com\/es\/dcma\/","name":"DCMA - Fleetmanagment | GNSS | CAN-bus | BLE | telematiQs","isPartOf":{"@id":"https:\/\/telematiqs.com\/es\/#website"},"datePublished":"2024-06-09T17:45:20+00:00","dateModified":"2024-06-11T19:10:47+00:00","breadcrumb":{"@id":"https:\/\/telematiqs.com\/es\/dcma\/#breadcrumb"},"inLanguage":"es","potentialAction":[{"@type":"ReadAction","target":["https:\/\/telematiqs.com\/es\/dcma\/"]}]},{"@type":"BreadcrumbList","@id":"https:\/\/telematiqs.com\/es\/dcma\/#breadcrumb","itemListElement":[{"@type":"ListItem","position":1,"name":"Home","item":"https:\/\/telematiqs.com\/es\/inicio\/"},{"@type":"ListItem","position":2,"name":"DCMA"}]},{"@type":"WebSite","@id":"https:\/\/telematiqs.com\/es\/#website","url":"https:\/\/telematiqs.com\/es\/","name":"Fleetmanagment | GNSS | CAN-bus | BLE | telematiQs","description":"Transform vehicles into data","publisher":{"@id":"https:\/\/telematiqs.com\/es\/#organization"},"potentialAction":[{"@type":"SearchAction","target":{"@type":"EntryPoint","urlTemplate":"https:\/\/telematiqs.com\/es\/?s={search_term_string}"},"query-input":{"@type":"PropertyValueSpecification","valueRequired":true,"valueName":"search_term_string"}}],"inLanguage":"es"},{"@type":"Organization","@id":"https:\/\/telematiqs.com\/es\/#organization","name":"telematiQs","url":"https:\/\/telematiqs.com\/es\/","logo":{"@type":"ImageObject","inLanguage":"es","@id":"https:\/\/telematiqs.com\/es\/#\/schema\/logo\/image\/","url":"https:\/\/telematiqs.com\/wp-content\/uploads\/2024\/06\/Tekengebied-1.webp","contentUrl":"https:\/\/telematiqs.com\/wp-content\/uploads\/2024\/06\/Tekengebied-1.webp","width":309,"height":156,"caption":"telematiQs"},"image":{"@id":"https:\/\/telematiqs.com\/es\/#\/schema\/logo\/image\/"}}]}},"_links":{"self":[{"href":"https:\/\/telematiqs.com\/es\/wp-json\/wp\/v2\/pages\/2793","targetHints":{"allow":["GET"]}}],"collection":[{"href":"https:\/\/telematiqs.com\/es\/wp-json\/wp\/v2\/pages"}],"about":[{"href":"https:\/\/telematiqs.com\/es\/wp-json\/wp\/v2\/types\/page"}],"author":[{"embeddable":true,"href":"https:\/\/telematiqs.com\/es\/wp-json\/wp\/v2\/users\/1"}],"replies":[{"embeddable":true,"href":"https:\/\/telematiqs.com\/es\/wp-json\/wp\/v2\/comments?post=2793"}],"version-history":[{"count":1,"href":"https:\/\/telematiqs.com\/es\/wp-json\/wp\/v2\/pages\/2793\/revisions"}],"predecessor-version":[{"id":2794,"href":"https:\/\/telematiqs.com\/es\/wp-json\/wp\/v2\/pages\/2793\/revisions\/2794"}],"wp:attachment":[{"href":"https:\/\/telematiqs.com\/es\/wp-json\/wp\/v2\/media?parent=2793"}],"curies":[{"name":"wp","href":"https:\/\/api.w.org\/{rel}","templated":true}]}}