{"id":2797,"date":"2024-06-09T17:45:20","date_gmt":"2024-06-09T17:45:20","guid":{"rendered":"https:\/\/telematiqs.com\/gdpr\/"},"modified":"2024-06-11T19:11:16","modified_gmt":"2024-06-11T19:11:16","slug":"gdpr","status":"publish","type":"page","link":"https:\/\/telematiqs.com\/es\/gdpr\/","title":{"rendered":"GDPR"},"content":{"rendered":"\t\t<div data-elementor-type=\"wp-page\" data-elementor-id=\"2797\" class=\"elementor elementor-2797 elementor-2539\" data-elementor-post-type=\"page\">\n\t\t\t\t<div class=\"elementor-element elementor-element-5c0e357 e-flex e-con-boxed e-con e-parent\" data-id=\"5c0e357\" data-element_type=\"container\" data-e-type=\"container\">\n\t\t\t\t\t<div class=\"e-con-inner\">\n\t\t\t\t<div class=\"elementor-element elementor-element-fcdde46 elementor-widget elementor-widget-heading\" data-id=\"fcdde46\" data-element_type=\"widget\" data-e-type=\"widget\" data-widget_type=\"heading.default\">\n\t\t\t\t<div class=\"elementor-widget-container\">\n\t\t\t\t\t<h1 class=\"elementor-heading-title elementor-size-default\">Pol\u00edtica de privacidad GDPR<\/h1>\t\t\t\t<\/div>\n\t\t\t\t<\/div>\n\t\t\t\t<div class=\"elementor-element elementor-element-a8ca7e8 elementor-widget elementor-widget-text-editor\" data-id=\"a8ca7e8\" data-element_type=\"widget\" data-e-type=\"widget\" data-widget_type=\"text-editor.default\">\n\t\t\t\t<div class=\"elementor-widget-container\">\n\t\t\t\t\t\t\t\t\t<p>En el Sitio Web de TelematiQs, accesible desde https:\/\/telematiqs.com, una de nuestras principales prioridades es la privacidad de nuestros visitantes. Este documento de Pol\u00edtica de Privacidad contiene los tipos de informaci\u00f3n que recoge y registra el Sitio Web de TelematiQs y c\u00f3mo la utilizamos.<\/p>\n<p>Si tienes m\u00e1s preguntas o necesitas m\u00e1s informaci\u00f3n sobre nuestra Pol\u00edtica de Privacidad, no dudes en ponerte en contacto con nosotros. Nuestra Pol\u00edtica <a href=\"https:\/\/www.gdprprivacynotice.com\/\">de<\/a> Privacidad se gener\u00f3 con la ayuda del <a href=\"https:\/\/www.gdprprivacynotice.com\/\">Generador de Pol\u00edtica de Privacidad GDPR<\/a><\/p>\n<h5>Reglamento General de Protecci\u00f3n de Datos (RGPD)<\/h5>\n<p>Somos responsables del tratamiento de tus datos.<\/p>\n<p>La base legal de TelematiQs B.V. para recoger y utilizar la informaci\u00f3n personal descrita en esta Pol\u00edtica de Privacidad depende de la Informaci\u00f3n Personal que recojamos y del contexto espec\u00edfico en el que recojamos la informaci\u00f3n:<\/p>\n<ul>\n<li>TelematiQs B.V. necesita cumplir un contrato contigo<\/li>\n<li>Has dado permiso a TelematiQs B.V. para hacerlo<\/li>\n<li>El tratamiento de tus datos personales responde a los intereses leg\u00edtimos de TelematiQs B.V.<\/li>\n<li>TelematiQs B.V. debe cumplir la ley<\/li>\n<\/ul>\n<p>TelematiQs B.V. conservar\u00e1 tu informaci\u00f3n personal s\u00f3lo durante el tiempo que sea necesario para los fines establecidos en esta Pol\u00edtica de Privacidad. Conservaremos y utilizaremos tu informaci\u00f3n en la medida necesaria para cumplir con nuestras obligaciones legales, resolver disputas y hacer cumplir nuestras pol\u00edticas.<\/p>\n<p>Si resides en el Espacio Econ\u00f3mico Europeo (EEE), tienes ciertos derechos de protecci\u00f3n de datos. Si deseas que te informemos de qu\u00e9 Datos Personales tenemos sobre ti y si quieres que los eliminemos de nuestros sistemas, ponte en contacto con nosotros.<\/p>\n<p>En determinadas circunstancias, tienes los siguientes derechos de protecci\u00f3n de datos:<\/p>\n<ul>\n<li>Derecho a acceder, actualizar o eliminar la informaci\u00f3n que tenemos sobre ti.<\/li>\n<li>El derecho de rectificaci\u00f3n.<\/li>\n<li>El derecho de oposici\u00f3n.<\/li>\n<li>El derecho de restricci\u00f3n.<\/li>\n<li>Derecho a la portabilidad de los datos<\/li>\n<li>Derecho a retirar el consentimiento<\/li>\n<\/ul>\n<h5>Archivos de registro<\/h5>\n<p>El sitio web de TelematiQs sigue un procedimiento est\u00e1ndar de utilizaci\u00f3n de archivos de registro. Estos archivos registran a los visitantes cuando visitan los sitios web. Todas las empresas de alojamiento lo hacen y forma parte de las anal\u00edticas de los servicios de alojamiento. La informaci\u00f3n recogida por los archivos de registro incluye direcciones de protocolo de Internet (IP), tipo de navegador, proveedor de servicios de Internet (ISP), sello de fecha y hora, p\u00e1ginas de referencia\/salida y, posiblemente, el n\u00famero de clics. No est\u00e1n vinculadas a ninguna informaci\u00f3n que sea personalmente identificable. La finalidad de la informaci\u00f3n es analizar tendencias, administrar el sitio, seguir los movimientos de los usuarios en el sitio web y recopilar informaci\u00f3n demogr\u00e1fica.<\/p>\n<h5>Cookies y balizas web<\/h5>\n<p>Como cualquier otro sitio web, el sitio web de TelematiQs utiliza \u00abcookies\u00bb. Estas cookies se utilizan para almacenar informaci\u00f3n, incluidas las preferencias de los visitantes y las p\u00e1ginas del sitio web a las que el visitante accedi\u00f3 o visit\u00f3. La informaci\u00f3n se utiliza para optimizar la experiencia de los usuarios personalizando el contenido de nuestra p\u00e1gina web en funci\u00f3n del tipo de navegador de los visitantes y\/u otra informaci\u00f3n.<\/p>\n<h5>Cookie DART de DoubleClick de Google<\/h5>\n<p>Google es uno de los proveedores externos de nuestro sitio. Tambi\u00e9n utiliza cookies, conocidas como cookies DART, para ofrecer anuncios a los visitantes de nuestro sitio en funci\u00f3n de su visita a www.website.com y a otros sitios de Internet. Sin embargo, los visitantes pueden optar por rechazar el uso de cookies DART visitando la Pol\u00edtica de Privacidad de la red de anuncios y contenidos de Google en la siguiente URL &#8211; <a href=\"https:\/\/policies.google.com\/technologies\/ads\">https:\/\/policies.google.com\/technologies\/ads<\/a><\/p>\n<h5>Pol\u00edticas de privacidad<\/h5>\n<p>Puedes consultar esta lista para encontrar la Pol\u00edtica de Privacidad de cada uno de los socios publicitarios del Sitio Web de TelematiQs.<\/p>\n<p>Los servidores o redes publicitarias de terceros utilizan tecnolog\u00edas como cookies, JavaScript o Web Beacons que se emplean en sus respectivos anuncios y enlaces que aparecen en el sitio web de TelematiQs y que se env\u00edan directamente al navegador de los usuarios. Cuando esto ocurre, reciben autom\u00e1ticamente tu direcci\u00f3n IP. Estas tecnolog\u00edas se utilizan para medir la eficacia de sus campa\u00f1as publicitarias y\/o para personalizar el contenido publicitario que ves en los sitios web que visitas.<\/p>\n<p>Ten en cuenta que TelematiQs Website no tiene acceso ni control sobre estas cookies que utilizan los anunciantes de terceros.<\/p>\n<h5>Pol\u00edticas de privacidad de terceros<\/h5>\n<p>La Pol\u00edtica de Privacidad del Sitio Web de TelematiQs no se aplica a otros anunciantes o sitios web. Por ello, te aconsejamos que consultes las respectivas Pol\u00edticas de Privacidad de estos servidores de anuncios de terceros para obtener informaci\u00f3n m\u00e1s detallada. Puede incluir sus pr\u00e1cticas e instrucciones sobre c\u00f3mo rechazar determinadas opciones.<\/p>\n<p>Puedes elegir desactivar las cookies a trav\u00e9s de las opciones individuales de tu navegador. Para conocer informaci\u00f3n m\u00e1s detallada sobre la gesti\u00f3n de cookies con navegadores web espec\u00edficos, puedes encontrarla en los sitios web respectivos de los navegadores.<\/p>\n<h5>Informaci\u00f3n para ni\u00f1os<\/h5>\n<p>Otra parte de nuestra prioridad es a\u00f1adir protecci\u00f3n para los ni\u00f1os mientras utilizan Internet. Animamos a los padres y tutores a que observen, participen y\/o supervisen y gu\u00eden su actividad en Internet.<\/p>\n<p>El sitio web de TelematiQs no recopila conscientemente ninguna Informaci\u00f3n Personal Identificable de ni\u00f1os menores de 13 a\u00f1os. Si crees que tu hijo proporcion\u00f3 este tipo de informaci\u00f3n en nuestro sitio web, te animamos encarecidamente a que te pongas en contacto con nosotros inmediatamente y haremos todo lo posible para eliminar r\u00e1pidamente dicha informaci\u00f3n de nuestros registros.<\/p>\n<h5>S\u00f3lo pol\u00edtica de privacidad en l\u00ednea<\/h5>\n<p>Nuestra Pol\u00edtica de Privacidad se aplica \u00fanicamente a nuestras actividades en l\u00ednea y es v\u00e1lida para los visitantes de nuestro sitio web con respecto a la informaci\u00f3n que compartieron y\/o recopilaron en el sitio web de TelematiQs. Esta pol\u00edtica no es aplicable a ninguna informaci\u00f3n recogida fuera de l\u00ednea o a trav\u00e9s de canales distintos de este sitio web.<\/p>\n<h5>Consentimiento<\/h5>\n<p>Al utilizar nuestro sitio web, aceptas nuestra Pol\u00edtica de privacidad y est\u00e1s de acuerdo con sus t\u00e9rminos.<\/p>\n\t\t\t\t\t\t\t\t<\/div>\n\t\t\t\t<\/div>\n\t\t\t\t\t<\/div>\n\t\t\t\t<\/div>\n\t\t\t\t<\/div>\n\t\t","protected":false},"excerpt":{"rendered":"<p>Pol\u00edtica de privacidad GDPR En el Sitio Web de TelematiQs, accesible desde https:\/\/telematiqs.com, una de nuestras principales prioridades es la privacidad de nuestros visitantes. Este documento de Pol\u00edtica de Privacidad contiene los tipos de informaci\u00f3n que recoge y registra el Sitio Web de TelematiQs y c\u00f3mo la utilizamos. Si tienes m\u00e1s preguntas o necesitas m\u00e1s [&hellip;]<\/p>\n","protected":false},"author":1,"featured_media":0,"parent":0,"menu_order":0,"comment_status":"closed","ping_status":"closed","template":"","meta":{"footnotes":""},"class_list":["post-2797","page","type-page","status-publish","hentry"],"yoast_head":"<!-- This site is optimized with the Yoast SEO plugin v27.3 - https:\/\/yoast.com\/product\/yoast-seo-wordpress\/ -->\n<title>GDPR - Fleetmanagment | GNSS | CAN-bus | BLE | telematiQs<\/title>\n<meta name=\"robots\" content=\"index, follow, max-snippet:-1, max-image-preview:large, max-video-preview:-1\" \/>\n<link rel=\"canonical\" href=\"https:\/\/telematiqs.com\/es\/gdpr\/\" \/>\n<meta property=\"og:locale\" content=\"es_ES\" \/>\n<meta property=\"og:type\" content=\"article\" \/>\n<meta property=\"og:title\" content=\"GDPR - Fleetmanagment | GNSS | CAN-bus | BLE | telematiQs\" \/>\n<meta property=\"og:description\" content=\"Pol\u00edtica de privacidad GDPR En el Sitio Web de TelematiQs, accesible desde https:\/\/telematiqs.com, una de nuestras principales prioridades es la privacidad de nuestros visitantes. Este documento de Pol\u00edtica de Privacidad contiene los tipos de informaci\u00f3n que recoge y registra el Sitio Web de TelematiQs y c\u00f3mo la utilizamos. Si tienes m\u00e1s preguntas o necesitas m\u00e1s [&hellip;]\" \/>\n<meta property=\"og:url\" content=\"https:\/\/telematiqs.com\/es\/gdpr\/\" \/>\n<meta property=\"og:site_name\" content=\"Fleetmanagment | GNSS | CAN-bus | BLE | telematiQs\" \/>\n<meta property=\"article:modified_time\" content=\"2024-06-11T19:11:16+00:00\" \/>\n<meta name=\"twitter:card\" content=\"summary_large_image\" \/>\n<meta name=\"twitter:label1\" content=\"Tiempo de lectura\" \/>\n\t<meta name=\"twitter:data1\" content=\"5 minutos\" \/>\n<script type=\"application\/ld+json\" class=\"yoast-schema-graph\">{\"@context\":\"https:\\\/\\\/schema.org\",\"@graph\":[{\"@type\":\"WebPage\",\"@id\":\"https:\\\/\\\/telematiqs.com\\\/es\\\/gdpr\\\/\",\"url\":\"https:\\\/\\\/telematiqs.com\\\/es\\\/gdpr\\\/\",\"name\":\"GDPR - Fleetmanagment | GNSS | CAN-bus | BLE | telematiQs\",\"isPartOf\":{\"@id\":\"https:\\\/\\\/telematiqs.com\\\/es\\\/#website\"},\"datePublished\":\"2024-06-09T17:45:20+00:00\",\"dateModified\":\"2024-06-11T19:11:16+00:00\",\"breadcrumb\":{\"@id\":\"https:\\\/\\\/telematiqs.com\\\/es\\\/gdpr\\\/#breadcrumb\"},\"inLanguage\":\"es\",\"potentialAction\":[{\"@type\":\"ReadAction\",\"target\":[\"https:\\\/\\\/telematiqs.com\\\/es\\\/gdpr\\\/\"]}]},{\"@type\":\"BreadcrumbList\",\"@id\":\"https:\\\/\\\/telematiqs.com\\\/es\\\/gdpr\\\/#breadcrumb\",\"itemListElement\":[{\"@type\":\"ListItem\",\"position\":1,\"name\":\"Home\",\"item\":\"https:\\\/\\\/telematiqs.com\\\/es\\\/inicio\\\/\"},{\"@type\":\"ListItem\",\"position\":2,\"name\":\"GDPR\"}]},{\"@type\":\"WebSite\",\"@id\":\"https:\\\/\\\/telematiqs.com\\\/es\\\/#website\",\"url\":\"https:\\\/\\\/telematiqs.com\\\/es\\\/\",\"name\":\"Fleetmanagment | GNSS | CAN-bus | BLE | telematiQs\",\"description\":\"Transform vehicles into data\",\"publisher\":{\"@id\":\"https:\\\/\\\/telematiqs.com\\\/es\\\/#organization\"},\"potentialAction\":[{\"@type\":\"SearchAction\",\"target\":{\"@type\":\"EntryPoint\",\"urlTemplate\":\"https:\\\/\\\/telematiqs.com\\\/es\\\/?s={search_term_string}\"},\"query-input\":{\"@type\":\"PropertyValueSpecification\",\"valueRequired\":true,\"valueName\":\"search_term_string\"}}],\"inLanguage\":\"es\"},{\"@type\":\"Organization\",\"@id\":\"https:\\\/\\\/telematiqs.com\\\/es\\\/#organization\",\"name\":\"telematiQs\",\"url\":\"https:\\\/\\\/telematiqs.com\\\/es\\\/\",\"logo\":{\"@type\":\"ImageObject\",\"inLanguage\":\"es\",\"@id\":\"https:\\\/\\\/telematiqs.com\\\/es\\\/#\\\/schema\\\/logo\\\/image\\\/\",\"url\":\"https:\\\/\\\/telematiqs.com\\\/wp-content\\\/uploads\\\/2024\\\/06\\\/Tekengebied-1.webp\",\"contentUrl\":\"https:\\\/\\\/telematiqs.com\\\/wp-content\\\/uploads\\\/2024\\\/06\\\/Tekengebied-1.webp\",\"width\":309,\"height\":156,\"caption\":\"telematiQs\"},\"image\":{\"@id\":\"https:\\\/\\\/telematiqs.com\\\/es\\\/#\\\/schema\\\/logo\\\/image\\\/\"}}]}<\/script>\n<!-- \/ Yoast SEO plugin. -->","yoast_head_json":{"title":"GDPR - Fleetmanagment | GNSS | CAN-bus | BLE | telematiQs","robots":{"index":"index","follow":"follow","max-snippet":"max-snippet:-1","max-image-preview":"max-image-preview:large","max-video-preview":"max-video-preview:-1"},"canonical":"https:\/\/telematiqs.com\/es\/gdpr\/","og_locale":"es_ES","og_type":"article","og_title":"GDPR - Fleetmanagment | GNSS | CAN-bus | BLE | telematiQs","og_description":"Pol\u00edtica de privacidad GDPR En el Sitio Web de TelematiQs, accesible desde https:\/\/telematiqs.com, una de nuestras principales prioridades es la privacidad de nuestros visitantes. Este documento de Pol\u00edtica de Privacidad contiene los tipos de informaci\u00f3n que recoge y registra el Sitio Web de TelematiQs y c\u00f3mo la utilizamos. Si tienes m\u00e1s preguntas o necesitas m\u00e1s [&hellip;]","og_url":"https:\/\/telematiqs.com\/es\/gdpr\/","og_site_name":"Fleetmanagment | GNSS | CAN-bus | BLE | telematiQs","article_modified_time":"2024-06-11T19:11:16+00:00","twitter_card":"summary_large_image","twitter_misc":{"Tiempo de lectura":"5 minutos"},"schema":{"@context":"https:\/\/schema.org","@graph":[{"@type":"WebPage","@id":"https:\/\/telematiqs.com\/es\/gdpr\/","url":"https:\/\/telematiqs.com\/es\/gdpr\/","name":"GDPR - Fleetmanagment | GNSS | CAN-bus | BLE | telematiQs","isPartOf":{"@id":"https:\/\/telematiqs.com\/es\/#website"},"datePublished":"2024-06-09T17:45:20+00:00","dateModified":"2024-06-11T19:11:16+00:00","breadcrumb":{"@id":"https:\/\/telematiqs.com\/es\/gdpr\/#breadcrumb"},"inLanguage":"es","potentialAction":[{"@type":"ReadAction","target":["https:\/\/telematiqs.com\/es\/gdpr\/"]}]},{"@type":"BreadcrumbList","@id":"https:\/\/telematiqs.com\/es\/gdpr\/#breadcrumb","itemListElement":[{"@type":"ListItem","position":1,"name":"Home","item":"https:\/\/telematiqs.com\/es\/inicio\/"},{"@type":"ListItem","position":2,"name":"GDPR"}]},{"@type":"WebSite","@id":"https:\/\/telematiqs.com\/es\/#website","url":"https:\/\/telematiqs.com\/es\/","name":"Fleetmanagment | GNSS | CAN-bus | BLE | telematiQs","description":"Transform vehicles into data","publisher":{"@id":"https:\/\/telematiqs.com\/es\/#organization"},"potentialAction":[{"@type":"SearchAction","target":{"@type":"EntryPoint","urlTemplate":"https:\/\/telematiqs.com\/es\/?s={search_term_string}"},"query-input":{"@type":"PropertyValueSpecification","valueRequired":true,"valueName":"search_term_string"}}],"inLanguage":"es"},{"@type":"Organization","@id":"https:\/\/telematiqs.com\/es\/#organization","name":"telematiQs","url":"https:\/\/telematiqs.com\/es\/","logo":{"@type":"ImageObject","inLanguage":"es","@id":"https:\/\/telematiqs.com\/es\/#\/schema\/logo\/image\/","url":"https:\/\/telematiqs.com\/wp-content\/uploads\/2024\/06\/Tekengebied-1.webp","contentUrl":"https:\/\/telematiqs.com\/wp-content\/uploads\/2024\/06\/Tekengebied-1.webp","width":309,"height":156,"caption":"telematiQs"},"image":{"@id":"https:\/\/telematiqs.com\/es\/#\/schema\/logo\/image\/"}}]}},"_links":{"self":[{"href":"https:\/\/telematiqs.com\/es\/wp-json\/wp\/v2\/pages\/2797","targetHints":{"allow":["GET"]}}],"collection":[{"href":"https:\/\/telematiqs.com\/es\/wp-json\/wp\/v2\/pages"}],"about":[{"href":"https:\/\/telematiqs.com\/es\/wp-json\/wp\/v2\/types\/page"}],"author":[{"embeddable":true,"href":"https:\/\/telematiqs.com\/es\/wp-json\/wp\/v2\/users\/1"}],"replies":[{"embeddable":true,"href":"https:\/\/telematiqs.com\/es\/wp-json\/wp\/v2\/comments?post=2797"}],"version-history":[{"count":1,"href":"https:\/\/telematiqs.com\/es\/wp-json\/wp\/v2\/pages\/2797\/revisions"}],"predecessor-version":[{"id":2798,"href":"https:\/\/telematiqs.com\/es\/wp-json\/wp\/v2\/pages\/2797\/revisions\/2798"}],"wp:attachment":[{"href":"https:\/\/telematiqs.com\/es\/wp-json\/wp\/v2\/media?parent=2797"}],"curies":[{"name":"wp","href":"https:\/\/api.w.org\/{rel}","templated":true}]}}