{"id":2801,"date":"2024-06-09T17:44:28","date_gmt":"2024-06-09T17:44:28","guid":{"rendered":"https:\/\/telematiqs.com\/politica-de-privacidad\/"},"modified":"2024-06-11T19:12:11","modified_gmt":"2024-06-11T19:12:11","slug":"politica-de-privacidad","status":"publish","type":"page","link":"https:\/\/telematiqs.com\/es\/politica-de-privacidad\/","title":{"rendered":"Pol\u00edtica de privacidad"},"content":{"rendered":"\t\t<div data-elementor-type=\"wp-page\" data-elementor-id=\"2801\" class=\"elementor elementor-2801 elementor-2529\" data-elementor-post-type=\"page\">\n\t\t\t\t<div class=\"elementor-element elementor-element-330aaa0 e-flex e-con-boxed e-con e-parent\" data-id=\"330aaa0\" data-element_type=\"container\" data-e-type=\"container\">\n\t\t\t\t\t<div class=\"e-con-inner\">\n\t\t\t\t<div class=\"elementor-element elementor-element-29db9af elementor-widget elementor-widget-heading\" data-id=\"29db9af\" data-element_type=\"widget\" data-e-type=\"widget\" data-widget_type=\"heading.default\">\n\t\t\t\t<div class=\"elementor-widget-container\">\n\t\t\t\t\t<h1 class=\"elementor-heading-title elementor-size-default\">Pol\u00edtica de privacidad<\/h1>\t\t\t\t<\/div>\n\t\t\t\t<\/div>\n\t\t\t\t<div class=\"elementor-element elementor-element-c72440c elementor-widget elementor-widget-text-editor\" data-id=\"c72440c\" data-element_type=\"widget\" data-e-type=\"widget\" data-widget_type=\"text-editor.default\">\n\t\t\t\t<div class=\"elementor-widget-container\">\n\t\t\t\t\t\t\t\t\t<p>\u00daltima actualizaci\u00f3n el 11-jun-2024<br \/>Fecha de entrada en vigor 11-Jun-2024<\/p>\n<p>Esta Pol\u00edtica de Privacidad describe las pol\u00edticas de<\/p>\n<p>TelematiQs B.V.,<br \/>Rijnzathe 6,<br \/>3454 PV Utrecht,<br \/>Pa\u00edses Bajos (los),<br \/>Correo electr\u00f3nico: info@telematiqs.com,<br \/>tel\u00e9fono: +31851304957<\/p>\n<p>sobre la recogida, uso y divulgaci\u00f3n de tu informaci\u00f3n que recogemos cuando utilizas nuestro sitio web ( https:\/\/telematiqs.com ).<br \/>(el \u00abServicio\u00bb). Al acceder o utilizar el Servicio, das tu consentimiento a la recopilaci\u00f3n, uso y divulgaci\u00f3n de tu informaci\u00f3n de acuerdo con lo siguiente<br \/>Pol\u00edtica de privacidad. Si no das tu consentimiento, no accedas ni utilices el Servicio. Podemos modificar esta Pol\u00edtica de Privacidad en cualquier momento sin<br \/>sin previo aviso y publicar\u00e1 la Pol\u00edtica de Privacidad revisada en el Servicio. La Pol\u00edtica revisada entrar\u00e1 en vigor 180 d\u00edas despu\u00e9s de que el<br \/>La Pol\u00edtica revisada se publica en el Servicio y tu acceso o uso continuado del Servicio despu\u00e9s de ese momento constituir\u00e1 tu aceptaci\u00f3n de la Pol\u00edtica de Privacidad revisada.<br \/>Pol\u00edtica. Por ello, te recomendamos que revises peri\u00f3dicamente esta p\u00e1gina.<\/p>\n<ol>\n<li>\n<h5>Informaci\u00f3n que recogemos:<\/h5>\n<p>Recogeremos y procesaremos la siguiente informaci\u00f3n personal sobre ti:<\/p>\n<ol>\n<li>Nombre<\/li>\n<li>Env\u00eda un correo electr\u00f3nico a<\/li>\n<li>M\u00f3vil<\/li>\n<li>Direcci\u00f3n de trabajo<\/li>\n<\/ol>\n<\/li>\n<li>\n<h5>C\u00f3mo utilizamos tu informaci\u00f3n:<\/h5>\n<p>Utilizaremos la informaci\u00f3n que recopilemos sobre ti para los siguientes fines:<\/p>\n<ol>\n<li>Marketing\/Promoci\u00f3n<\/li>\n<li>Testimonios<\/li>\n<li>Ayuda<\/li>\n<li>Informaci\u00f3n administrativa<\/li>\n<li>Publicidad dirigida<\/li>\n<\/ol>\n<p>Si queremos utilizar tus datos para cualquier otro fin, te pediremos tu consentimiento y s\u00f3lo utilizaremos tus datos cuando recibamos tu consentimiento.<br \/>consentimiento y, entonces, s\u00f3lo para la finalidad o finalidades para las que otorgamos el consentimiento, a menos que la ley nos obligue a hacer otra cosa.<\/p>\n<\/li>\n<li>\n<h5>C\u00f3mo compartimos tu informaci\u00f3n:<\/h5>\n<p>No transferiremos tus datos personales a terceros sin solicitar tu consentimiento, excepto en las circunstancias limitadas que se describen a continuaci\u00f3n<br \/>abajo:<\/p>\n<ol>\n<li>Servicio de anuncios<\/li>\n<li>Anal\u00edtica<\/li>\n<\/ol>\n<p>Exigimos a dichos terceros que utilicen la informaci\u00f3n personal que les transferimos \u00fanicamente para el fin para el que fue transferida y<br \/>no conservarla durante m\u00e1s tiempo del necesario para cumplir dicha finalidad.<\/p>\n<p>Tambi\u00e9n podemos revelar tu informaci\u00f3n personal para lo siguiente (1) para cumplir con la legislaci\u00f3n aplicable, reglamentos, \u00f3rdenes judiciales u otras disposiciones legales<br \/>proceso; (2) para hacer cumplir tus acuerdos con nosotros, incluida esta Pol\u00edtica de Privacidad; o (3) para responder a reclamaciones de que tu uso del Servicio viola<br \/>cualquier derecho de terceros. Si el Servicio o nuestra empresa se fusionan o adquieren con otra empresa, tu informaci\u00f3n ser\u00e1 una de las<br \/>activos que se transfiere al nuevo propietario.<\/p>\n<\/li>\n<li>\n<h5>Conservaci\u00f3n de tu informaci\u00f3n:<\/h5>\n<p>Conservaremos tu informaci\u00f3n personal con nosotros entre 90 d\u00edas y 2 a\u00f1os despu\u00e9s de que las cuentas de usuario permanezcan inactivas o durante el tiempo que<br \/>mientras la necesitemos para cumplir los fines para los que fue recopilada, tal y como se detalla en esta Pol\u00edtica de privacidad. Puede que necesitemos retener ciertos<br \/>informaci\u00f3n durante periodos m\u00e1s largos, como mantenimiento de registros\/informes de acuerdo con la legislaci\u00f3n aplicable o por otras razones leg\u00edtimas<br \/>como la aplicaci\u00f3n de los derechos legales, la prevenci\u00f3n del fraude, etc. Informaci\u00f3n an\u00f3nima residual e informaci\u00f3n agregada, ninguna de las cuales<br \/>te identifique (directa o indirectamente), puede almacenarse indefinidamente.<\/p>\n<\/li>\n<li>\n<h5>Tus derechos:<\/h5>\n<p>Dependiendo de la legislaci\u00f3n aplicable, puedes tener derecho a acceder a tus datos personales y rectificarlos o borrarlos, o a recibir una copia de los mismos.<br \/>datos, restringir u oponerte al tratamiento activo de tus datos, pedirnos que compartamos (portemos) tu informaci\u00f3n personal a otra entidad,<br \/>retirar cualquier consentimiento que nos hayas dado para procesar tus datos, derecho a presentar una reclamaci\u00f3n ante una autoridad legal y otros derechos similares<br \/>seg\u00fan proceda conforme a la legislaci\u00f3n aplicable. Para ejercer estos derechos, puedes escribirnos a info@telematiqs.com. Responderemos a tu<br \/>solicitud de conformidad con la legislaci\u00f3n aplicable.<\/p>\n<p>Puedes excluirte de las comunicaciones de marketing directo o de la elaboraci\u00f3n de perfiles que realizamos con fines de marketing escribi\u00e9ndonos a<br \/>info@telematiqs.com.<\/p>\n<p>Ten en cuenta que si no nos permites recoger o procesar la informaci\u00f3n personal requerida o retiras el consentimiento para procesar la misma para el<br \/>fines requeridos, es posible que no puedas acceder o utilizar los servicios para los que se solicitaron tus datos.<\/p>\n<\/li>\n<li>\n<h5>Cookies Etc.<\/h5>\n<p>Para obtener m\u00e1s informaci\u00f3n sobre c\u00f3mo las utilizamos y tus opciones en relaci\u00f3n con estas tecnolog\u00edas de rastreo, consulta nuestra <a href=\"https:\/\/telematiqs.com\/cookie-policy\">Pol\u00edtica de Cookies.<\/a><\/p>\n<\/li>\n<li>\n<h5>Seguridad:<\/h5>\n<p>La seguridad de tu informaci\u00f3n es importante para nosotros y utilizaremos medidas de seguridad razonables para evitar la p\u00e9rdida, el uso indebido o no autorizado de tus datos.<br \/>alteraci\u00f3n de tu informaci\u00f3n bajo nuestro control. Sin embargo, dados los riesgos inherentes, no podemos garantizar una seguridad absoluta y<br \/>en consecuencia, no podemos asegurar ni garantizar la seguridad de ninguna informaci\u00f3n que nos transmitas y lo haces por tu cuenta y riesgo.<\/p>\n<\/li>\n<li>\n<h5>Enlaces de terceros y uso de tu informaci\u00f3n:<\/h5>\n<p>Nuestro Servicio puede contener enlaces a otros sitios web que no son operados por nosotros. Esta Pol\u00edtica de Privacidad no aborda la pol\u00edtica de privacidad y otras<br \/>las pr\u00e1cticas de terceros, incluido cualquier tercero que opere cualquier sitio web o servicio que pueda ser accesible a trav\u00e9s de un enlace en el Servicio. Te recomendamos encarecidamente que revises la pol\u00edtica de privacidad de cada sitio que visites. No tenemos ning\u00fan control ni asumimos ninguna responsabilidad por el contenido, las pol\u00edticas de privacidad o las pr\u00e1cticas de los sitios o servicios de terceros.<\/li>\n<li>\n<h5>Responsable de Reclamaciones \/ Protecci\u00f3n de Datos:<\/h5>\n<p>Si tienes alguna pregunta o duda sobre el<br \/>tratamiento de tu informaci\u00f3n disponible<br \/>con nosotros, puedes enviar un correo electr\u00f3nico a nuestro Responsable de Quejas a<br \/>TelematiQs B.V. Rijnzathe 6 3454 PV Utrecht,<br \/>Correo electr\u00f3nico: info@telematiqs.com. Trataremos tus dudas de acuerdo con la legislaci\u00f3n aplicable.<\/p>\n<\/li>\n<\/ol>\n\t\t\t\t\t\t\t\t<\/div>\n\t\t\t\t<\/div>\n\t\t\t\t\t<\/div>\n\t\t\t\t<\/div>\n\t\t\t\t<\/div>\n\t\t","protected":false},"excerpt":{"rendered":"<p>Pol\u00edtica de privacidad \u00daltima actualizaci\u00f3n el 11-jun-2024Fecha de entrada en vigor 11-Jun-2024 Esta Pol\u00edtica de Privacidad describe las pol\u00edticas de TelematiQs B.V.,Rijnzathe 6,3454 PV Utrecht,Pa\u00edses Bajos (los),Correo electr\u00f3nico: info@telematiqs.com,tel\u00e9fono: +31851304957 sobre la recogida, uso y divulgaci\u00f3n de tu informaci\u00f3n que recogemos cuando utilizas nuestro sitio web ( https:\/\/telematiqs.com ).(el \u00abServicio\u00bb). Al acceder o utilizar el [&hellip;]<\/p>\n","protected":false},"author":1,"featured_media":0,"parent":0,"menu_order":0,"comment_status":"closed","ping_status":"closed","template":"","meta":{"footnotes":""},"class_list":["post-2801","page","type-page","status-publish","hentry"],"yoast_head":"<!-- This site is optimized with the Yoast SEO plugin v27.3 - https:\/\/yoast.com\/product\/yoast-seo-wordpress\/ -->\n<title>Pol\u00edtica de privacidad - Fleetmanagment | GNSS | CAN-bus | BLE | telematiQs<\/title>\n<meta name=\"robots\" content=\"index, follow, max-snippet:-1, max-image-preview:large, max-video-preview:-1\" \/>\n<link rel=\"canonical\" href=\"https:\/\/telematiqs.com\/es\/politica-de-privacidad\/\" \/>\n<meta property=\"og:locale\" content=\"es_ES\" \/>\n<meta property=\"og:type\" content=\"article\" \/>\n<meta property=\"og:title\" content=\"Pol\u00edtica de privacidad - Fleetmanagment | GNSS | CAN-bus | BLE | telematiQs\" \/>\n<meta property=\"og:description\" content=\"Pol\u00edtica de privacidad \u00daltima actualizaci\u00f3n el 11-jun-2024Fecha de entrada en vigor 11-Jun-2024 Esta Pol\u00edtica de Privacidad describe las pol\u00edticas de TelematiQs B.V.,Rijnzathe 6,3454 PV Utrecht,Pa\u00edses Bajos (los),Correo electr\u00f3nico: info@telematiqs.com,tel\u00e9fono: +31851304957 sobre la recogida, uso y divulgaci\u00f3n de tu informaci\u00f3n que recogemos cuando utilizas nuestro sitio web ( https:\/\/telematiqs.com ).(el \u00abServicio\u00bb). Al acceder o utilizar el [&hellip;]\" \/>\n<meta property=\"og:url\" content=\"https:\/\/telematiqs.com\/es\/politica-de-privacidad\/\" \/>\n<meta property=\"og:site_name\" content=\"Fleetmanagment | GNSS | CAN-bus | BLE | telematiQs\" \/>\n<meta property=\"article:modified_time\" content=\"2024-06-11T19:12:11+00:00\" \/>\n<meta name=\"twitter:card\" content=\"summary_large_image\" \/>\n<meta name=\"twitter:label1\" content=\"Tiempo de lectura\" \/>\n\t<meta name=\"twitter:data1\" content=\"5 minutos\" \/>\n<script type=\"application\/ld+json\" class=\"yoast-schema-graph\">{\"@context\":\"https:\\\/\\\/schema.org\",\"@graph\":[{\"@type\":\"WebPage\",\"@id\":\"https:\\\/\\\/telematiqs.com\\\/es\\\/politica-de-privacidad\\\/\",\"url\":\"https:\\\/\\\/telematiqs.com\\\/es\\\/politica-de-privacidad\\\/\",\"name\":\"Pol\u00edtica de privacidad - Fleetmanagment | GNSS | CAN-bus | BLE | telematiQs\",\"isPartOf\":{\"@id\":\"https:\\\/\\\/telematiqs.com\\\/es\\\/#website\"},\"datePublished\":\"2024-06-09T17:44:28+00:00\",\"dateModified\":\"2024-06-11T19:12:11+00:00\",\"breadcrumb\":{\"@id\":\"https:\\\/\\\/telematiqs.com\\\/es\\\/politica-de-privacidad\\\/#breadcrumb\"},\"inLanguage\":\"es\",\"potentialAction\":[{\"@type\":\"ReadAction\",\"target\":[\"https:\\\/\\\/telematiqs.com\\\/es\\\/politica-de-privacidad\\\/\"]}]},{\"@type\":\"BreadcrumbList\",\"@id\":\"https:\\\/\\\/telematiqs.com\\\/es\\\/politica-de-privacidad\\\/#breadcrumb\",\"itemListElement\":[{\"@type\":\"ListItem\",\"position\":1,\"name\":\"Home\",\"item\":\"https:\\\/\\\/telematiqs.com\\\/es\\\/inicio\\\/\"},{\"@type\":\"ListItem\",\"position\":2,\"name\":\"Pol\u00edtica de privacidad\"}]},{\"@type\":\"WebSite\",\"@id\":\"https:\\\/\\\/telematiqs.com\\\/es\\\/#website\",\"url\":\"https:\\\/\\\/telematiqs.com\\\/es\\\/\",\"name\":\"Fleetmanagment | GNSS | CAN-bus | BLE | telematiQs\",\"description\":\"Transform vehicles into data\",\"publisher\":{\"@id\":\"https:\\\/\\\/telematiqs.com\\\/es\\\/#organization\"},\"potentialAction\":[{\"@type\":\"SearchAction\",\"target\":{\"@type\":\"EntryPoint\",\"urlTemplate\":\"https:\\\/\\\/telematiqs.com\\\/es\\\/?s={search_term_string}\"},\"query-input\":{\"@type\":\"PropertyValueSpecification\",\"valueRequired\":true,\"valueName\":\"search_term_string\"}}],\"inLanguage\":\"es\"},{\"@type\":\"Organization\",\"@id\":\"https:\\\/\\\/telematiqs.com\\\/es\\\/#organization\",\"name\":\"telematiQs\",\"url\":\"https:\\\/\\\/telematiqs.com\\\/es\\\/\",\"logo\":{\"@type\":\"ImageObject\",\"inLanguage\":\"es\",\"@id\":\"https:\\\/\\\/telematiqs.com\\\/es\\\/#\\\/schema\\\/logo\\\/image\\\/\",\"url\":\"https:\\\/\\\/telematiqs.com\\\/wp-content\\\/uploads\\\/2024\\\/06\\\/Tekengebied-1.webp\",\"contentUrl\":\"https:\\\/\\\/telematiqs.com\\\/wp-content\\\/uploads\\\/2024\\\/06\\\/Tekengebied-1.webp\",\"width\":309,\"height\":156,\"caption\":\"telematiQs\"},\"image\":{\"@id\":\"https:\\\/\\\/telematiqs.com\\\/es\\\/#\\\/schema\\\/logo\\\/image\\\/\"}}]}<\/script>\n<!-- \/ Yoast SEO plugin. -->","yoast_head_json":{"title":"Pol\u00edtica de privacidad - Fleetmanagment | GNSS | CAN-bus | BLE | telematiQs","robots":{"index":"index","follow":"follow","max-snippet":"max-snippet:-1","max-image-preview":"max-image-preview:large","max-video-preview":"max-video-preview:-1"},"canonical":"https:\/\/telematiqs.com\/es\/politica-de-privacidad\/","og_locale":"es_ES","og_type":"article","og_title":"Pol\u00edtica de privacidad - Fleetmanagment | GNSS | CAN-bus | BLE | telematiQs","og_description":"Pol\u00edtica de privacidad \u00daltima actualizaci\u00f3n el 11-jun-2024Fecha de entrada en vigor 11-Jun-2024 Esta Pol\u00edtica de Privacidad describe las pol\u00edticas de TelematiQs B.V.,Rijnzathe 6,3454 PV Utrecht,Pa\u00edses Bajos (los),Correo electr\u00f3nico: info@telematiqs.com,tel\u00e9fono: +31851304957 sobre la recogida, uso y divulgaci\u00f3n de tu informaci\u00f3n que recogemos cuando utilizas nuestro sitio web ( https:\/\/telematiqs.com ).(el \u00abServicio\u00bb). Al acceder o utilizar el [&hellip;]","og_url":"https:\/\/telematiqs.com\/es\/politica-de-privacidad\/","og_site_name":"Fleetmanagment | GNSS | CAN-bus | BLE | telematiQs","article_modified_time":"2024-06-11T19:12:11+00:00","twitter_card":"summary_large_image","twitter_misc":{"Tiempo de lectura":"5 minutos"},"schema":{"@context":"https:\/\/schema.org","@graph":[{"@type":"WebPage","@id":"https:\/\/telematiqs.com\/es\/politica-de-privacidad\/","url":"https:\/\/telematiqs.com\/es\/politica-de-privacidad\/","name":"Pol\u00edtica de privacidad - Fleetmanagment | GNSS | CAN-bus | BLE | telematiQs","isPartOf":{"@id":"https:\/\/telematiqs.com\/es\/#website"},"datePublished":"2024-06-09T17:44:28+00:00","dateModified":"2024-06-11T19:12:11+00:00","breadcrumb":{"@id":"https:\/\/telematiqs.com\/es\/politica-de-privacidad\/#breadcrumb"},"inLanguage":"es","potentialAction":[{"@type":"ReadAction","target":["https:\/\/telematiqs.com\/es\/politica-de-privacidad\/"]}]},{"@type":"BreadcrumbList","@id":"https:\/\/telematiqs.com\/es\/politica-de-privacidad\/#breadcrumb","itemListElement":[{"@type":"ListItem","position":1,"name":"Home","item":"https:\/\/telematiqs.com\/es\/inicio\/"},{"@type":"ListItem","position":2,"name":"Pol\u00edtica de privacidad"}]},{"@type":"WebSite","@id":"https:\/\/telematiqs.com\/es\/#website","url":"https:\/\/telematiqs.com\/es\/","name":"Fleetmanagment | GNSS | CAN-bus | BLE | telematiQs","description":"Transform vehicles into data","publisher":{"@id":"https:\/\/telematiqs.com\/es\/#organization"},"potentialAction":[{"@type":"SearchAction","target":{"@type":"EntryPoint","urlTemplate":"https:\/\/telematiqs.com\/es\/?s={search_term_string}"},"query-input":{"@type":"PropertyValueSpecification","valueRequired":true,"valueName":"search_term_string"}}],"inLanguage":"es"},{"@type":"Organization","@id":"https:\/\/telematiqs.com\/es\/#organization","name":"telematiQs","url":"https:\/\/telematiqs.com\/es\/","logo":{"@type":"ImageObject","inLanguage":"es","@id":"https:\/\/telematiqs.com\/es\/#\/schema\/logo\/image\/","url":"https:\/\/telematiqs.com\/wp-content\/uploads\/2024\/06\/Tekengebied-1.webp","contentUrl":"https:\/\/telematiqs.com\/wp-content\/uploads\/2024\/06\/Tekengebied-1.webp","width":309,"height":156,"caption":"telematiQs"},"image":{"@id":"https:\/\/telematiqs.com\/es\/#\/schema\/logo\/image\/"}}]}},"_links":{"self":[{"href":"https:\/\/telematiqs.com\/es\/wp-json\/wp\/v2\/pages\/2801","targetHints":{"allow":["GET"]}}],"collection":[{"href":"https:\/\/telematiqs.com\/es\/wp-json\/wp\/v2\/pages"}],"about":[{"href":"https:\/\/telematiqs.com\/es\/wp-json\/wp\/v2\/types\/page"}],"author":[{"embeddable":true,"href":"https:\/\/telematiqs.com\/es\/wp-json\/wp\/v2\/users\/1"}],"replies":[{"embeddable":true,"href":"https:\/\/telematiqs.com\/es\/wp-json\/wp\/v2\/comments?post=2801"}],"version-history":[{"count":1,"href":"https:\/\/telematiqs.com\/es\/wp-json\/wp\/v2\/pages\/2801\/revisions"}],"predecessor-version":[{"id":2802,"href":"https:\/\/telematiqs.com\/es\/wp-json\/wp\/v2\/pages\/2801\/revisions\/2802"}],"wp:attachment":[{"href":"https:\/\/telematiqs.com\/es\/wp-json\/wp\/v2\/media?parent=2801"}],"curies":[{"name":"wp","href":"https:\/\/api.w.org\/{rel}","templated":true}]}}