{"id":3314,"date":"2024-06-09T18:36:07","date_gmt":"2024-06-09T18:36:07","guid":{"rendered":"https:\/\/telematiqs.com\/noticias\/"},"modified":"2024-10-10T06:01:14","modified_gmt":"2024-10-10T06:01:14","slug":"noticias","status":"publish","type":"page","link":"https:\/\/telematiqs.com\/es\/noticias\/","title":{"rendered":"Noticias"},"content":{"rendered":"\t\t<div data-elementor-type=\"wp-page\" data-elementor-id=\"3314\" class=\"elementor elementor-3314 elementor-2577\" data-elementor-post-type=\"page\">\n\t\t\t\t<div class=\"elementor-element elementor-element-c2ecde4 e-flex e-con-boxed e-con e-parent\" data-id=\"c2ecde4\" data-element_type=\"container\" data-e-type=\"container\">\n\t\t\t\t\t<div class=\"e-con-inner\">\n\t\t\t\t<div class=\"elementor-element elementor-element-367d0ed elementor-grid-3 elementor-grid-tablet-2 elementor-grid-mobile-1 elementor-posts--thumbnail-top elementor-posts--show-avatar elementor-card-shadow-yes elementor-posts__hover-gradient elementor-widget elementor-widget-posts\" data-id=\"367d0ed\" data-element_type=\"widget\" data-e-type=\"widget\" data-settings=\"{&quot;cards_columns&quot;:&quot;3&quot;,&quot;cards_columns_tablet&quot;:&quot;2&quot;,&quot;cards_columns_mobile&quot;:&quot;1&quot;,&quot;cards_row_gap&quot;:{&quot;unit&quot;:&quot;px&quot;,&quot;size&quot;:35,&quot;sizes&quot;:[]},&quot;cards_row_gap_tablet&quot;:{&quot;unit&quot;:&quot;px&quot;,&quot;size&quot;:&quot;&quot;,&quot;sizes&quot;:[]},&quot;cards_row_gap_mobile&quot;:{&quot;unit&quot;:&quot;px&quot;,&quot;size&quot;:&quot;&quot;,&quot;sizes&quot;:[]}}\" data-widget_type=\"posts.cards\">\n\t\t\t\t<div class=\"elementor-widget-container\">\n\t\t\t\t\t\t\t<div class=\"elementor-posts-container elementor-posts elementor-posts--skin-cards elementor-grid\" role=\"list\">\n\t\t\t\t<article class=\"elementor-post elementor-grid-item post-3762 post type-post status-publish format-standard has-post-thumbnail hentry category-can-es\" role=\"listitem\">\n\t\t\t<div class=\"elementor-post__card\">\n\t\t\t\t<a class=\"elementor-post__thumbnail__link\" href=\"https:\/\/telematiqs.com\/es\/desbloquear-el-futuro-como-los-datos-del-bus-can-y-can-fd-impulsan-la-innovacion-en-la-conectividad-del-automovil\/\" tabindex=\"-1\" ><div class=\"elementor-post__thumbnail\"><img fetchpriority=\"high\" decoding=\"async\" width=\"300\" height=\"167\" src=\"https:\/\/telematiqs.com\/wp-content\/uploads\/2025\/03\/EVDashboard-300x167.png\" class=\"attachment-medium size-medium wp-image-3738\" alt=\"\" srcset=\"https:\/\/telematiqs.com\/wp-content\/uploads\/2025\/03\/EVDashboard-300x167.png 300w, https:\/\/telematiqs.com\/wp-content\/uploads\/2025\/03\/EVDashboard-1024x569.png 1024w, https:\/\/telematiqs.com\/wp-content\/uploads\/2025\/03\/EVDashboard-768x427.png 768w, https:\/\/telematiqs.com\/wp-content\/uploads\/2025\/03\/EVDashboard-1536x854.png 1536w, https:\/\/telematiqs.com\/wp-content\/uploads\/2025\/03\/EVDashboard-2048x1138.png 2048w\" sizes=\"(max-width: 300px) 100vw, 300px\" \/><\/div><\/a>\n\t\t\t\t<div class=\"elementor-post__badge\">CAN<\/div>\n\t\t\t\t<div class=\"elementor-post__avatar\">\n\t\t\t<img alt='WebMaster' src='https:\/\/secure.gravatar.com\/avatar\/ac00deb19516ad99405023149b95c45709f0e257ba62414bd533eb1721cfba9f?s=128&#038;d=mm&#038;r=g' srcset='https:\/\/secure.gravatar.com\/avatar\/ac00deb19516ad99405023149b95c45709f0e257ba62414bd533eb1721cfba9f?s=256&#038;d=mm&#038;r=g 2x' class='avatar avatar-128 photo' height='128' width='128' \/>\t\t<\/div>\n\t\t\t\t<div class=\"elementor-post__text\">\n\t\t\t\t<h3 class=\"elementor-post__title\">\n\t\t\t<a href=\"https:\/\/telematiqs.com\/es\/desbloquear-el-futuro-como-los-datos-del-bus-can-y-can-fd-impulsan-la-innovacion-en-la-conectividad-del-automovil\/\" >\n\t\t\t\tDesbloquear el futuro: C\u00f3mo los datos del bus CAN y CAN FD impulsan la innovaci\u00f3n en la conectividad del autom\u00f3vil\t\t\t<\/a>\n\t\t<\/h3>\n\t\t\t\t<div class=\"elementor-post__excerpt\">\n\t\t\t<p>Desbloquear el futuro: C\u00f3mo los datos del bus CAN y CAN FD impulsan la innovaci\u00f3n en la conectividad del autom\u00f3vil La industria del autom\u00f3vil est\u00e1<\/p>\n\t\t<\/div>\n\t\t\n\t\t<a class=\"elementor-post__read-more\" href=\"https:\/\/telematiqs.com\/es\/desbloquear-el-futuro-como-los-datos-del-bus-can-y-can-fd-impulsan-la-innovacion-en-la-conectividad-del-automovil\/\" aria-label=\"M\u00e1s informaci\u00f3n sobre Desbloquear el futuro: C\u00f3mo los datos del bus CAN y CAN FD impulsan la innovaci\u00f3n en la conectividad del autom\u00f3vil\" tabindex=\"-1\" >\n\t\t\tSigue leyendo \"\t\t<\/a>\n\n\t\t\t\t<\/div>\n\t\t\t\t<div class=\"elementor-post__meta-data\">\n\t\t\t\t\t<span class=\"elementor-post-date\">\n\t\t\t15 de marzo de 2025\t\t<\/span>\n\t\t\t\t<span class=\"elementor-post-avatar\">\n\t\t\tNo hay comentarios\t\t<\/span>\n\t\t\t\t<\/div>\n\t\t\t\t\t<\/div>\n\t\t<\/article>\n\t\t\t\t<article class=\"elementor-post elementor-grid-item post-3700 post type-post status-publish format-standard has-post-thumbnail hentry category-conectividad\" role=\"listitem\">\n\t\t\t<div class=\"elementor-post__card\">\n\t\t\t\t<a class=\"elementor-post__thumbnail__link\" href=\"https:\/\/telematiqs.com\/es\/preparado-para-el-futuro-con-un-dispositivo-4g\/\" tabindex=\"-1\" ><div class=\"elementor-post__thumbnail\"><img decoding=\"async\" width=\"225\" height=\"300\" src=\"https:\/\/telematiqs.com\/wp-content\/uploads\/2024\/06\/pexels-sparsh-2415405-225x300.jpg\" class=\"attachment-medium size-medium wp-image-2663\" alt=\"BackDrop Communication\" srcset=\"https:\/\/telematiqs.com\/wp-content\/uploads\/2024\/06\/pexels-sparsh-2415405-225x300.jpg 225w, https:\/\/telematiqs.com\/wp-content\/uploads\/2024\/06\/pexels-sparsh-2415405-768x1024.jpg 768w, https:\/\/telematiqs.com\/wp-content\/uploads\/2024\/06\/pexels-sparsh-2415405-1152x1536.jpg 1152w, https:\/\/telematiqs.com\/wp-content\/uploads\/2024\/06\/pexels-sparsh-2415405-1536x2048.jpg 1536w, https:\/\/telematiqs.com\/wp-content\/uploads\/2024\/06\/pexels-sparsh-2415405-scaled.jpg 1920w\" sizes=\"(max-width: 225px) 100vw, 225px\" \/><\/div><\/a>\n\t\t\t\t<div class=\"elementor-post__badge\">Conectividad<\/div>\n\t\t\t\t<div class=\"elementor-post__avatar\">\n\t\t\t<img alt='WebMaster' src='https:\/\/secure.gravatar.com\/avatar\/ac00deb19516ad99405023149b95c45709f0e257ba62414bd533eb1721cfba9f?s=128&#038;d=mm&#038;r=g' srcset='https:\/\/secure.gravatar.com\/avatar\/ac00deb19516ad99405023149b95c45709f0e257ba62414bd533eb1721cfba9f?s=256&#038;d=mm&#038;r=g 2x' class='avatar avatar-128 photo' height='128' width='128' \/>\t\t<\/div>\n\t\t\t\t<div class=\"elementor-post__text\">\n\t\t\t\t<h3 class=\"elementor-post__title\">\n\t\t\t<a href=\"https:\/\/telematiqs.com\/es\/preparado-para-el-futuro-con-un-dispositivo-4g\/\" >\n\t\t\t\tPreparado para el futuro con un dispositivo 4G\t\t\t<\/a>\n\t\t<\/h3>\n\t\t\t\t<div class=\"elementor-post__excerpt\">\n\t\t\t<p>Preparado para el futuro con un dispositivo 4G: Desbloquear soluciones conectadas fiables Fiabilidad y cobertura de 4G La r\u00e1pida evoluci\u00f3n de las redes m\u00f3viles ha<\/p>\n\t\t<\/div>\n\t\t\n\t\t<a class=\"elementor-post__read-more\" href=\"https:\/\/telematiqs.com\/es\/preparado-para-el-futuro-con-un-dispositivo-4g\/\" aria-label=\"M\u00e1s informaci\u00f3n sobre Preparado para el futuro con un dispositivo 4G\" tabindex=\"-1\" >\n\t\t\tSigue leyendo \"\t\t<\/a>\n\n\t\t\t\t<\/div>\n\t\t\t\t<div class=\"elementor-post__meta-data\">\n\t\t\t\t\t<span class=\"elementor-post-date\">\n\t\t\t9 de febrero de 2025\t\t<\/span>\n\t\t\t\t<span class=\"elementor-post-avatar\">\n\t\t\tNo hay comentarios\t\t<\/span>\n\t\t\t\t<\/div>\n\t\t\t\t\t<\/div>\n\t\t<\/article>\n\t\t\t\t<article class=\"elementor-post elementor-grid-item post-3617 post type-post status-publish format-standard has-post-thumbnail hentry category-tacografo\" role=\"listitem\">\n\t\t\t<div class=\"elementor-post__card\">\n\t\t\t\t<a class=\"elementor-post__thumbnail__link\" href=\"https:\/\/telematiqs.com\/es\/el-poder-de-la-descarga-a-distancia\/\" tabindex=\"-1\" ><div class=\"elementor-post__thumbnail\"><img decoding=\"async\" width=\"200\" height=\"300\" src=\"https:\/\/telematiqs.com\/wp-content\/uploads\/2024\/12\/TruckWithDiagramSmall-200x300.png\" class=\"attachment-medium size-medium wp-image-3599\" alt=\"TruckWithDiagramSmall\" srcset=\"https:\/\/telematiqs.com\/wp-content\/uploads\/2024\/12\/TruckWithDiagramSmall-200x300.png 200w, https:\/\/telematiqs.com\/wp-content\/uploads\/2024\/12\/TruckWithDiagramSmall-683x1024.png 683w, https:\/\/telematiqs.com\/wp-content\/uploads\/2024\/12\/TruckWithDiagramSmall-768x1152.png 768w, https:\/\/telematiqs.com\/wp-content\/uploads\/2024\/12\/TruckWithDiagramSmall.png 1000w\" sizes=\"(max-width: 200px) 100vw, 200px\" \/><\/div><\/a>\n\t\t\t\t<div class=\"elementor-post__badge\">Tac\u00f3grafo<\/div>\n\t\t\t\t<div class=\"elementor-post__avatar\">\n\t\t\t<img alt='WebMaster' src='https:\/\/secure.gravatar.com\/avatar\/ac00deb19516ad99405023149b95c45709f0e257ba62414bd533eb1721cfba9f?s=128&#038;d=mm&#038;r=g' srcset='https:\/\/secure.gravatar.com\/avatar\/ac00deb19516ad99405023149b95c45709f0e257ba62414bd533eb1721cfba9f?s=256&#038;d=mm&#038;r=g 2x' class='avatar avatar-128 photo' height='128' width='128' \/>\t\t<\/div>\n\t\t\t\t<div class=\"elementor-post__text\">\n\t\t\t\t<h3 class=\"elementor-post__title\">\n\t\t\t<a href=\"https:\/\/telematiqs.com\/es\/el-poder-de-la-descarga-a-distancia\/\" >\n\t\t\t\tEl poder de la descarga a distancia.\t\t\t<\/a>\n\t\t<\/h3>\n\t\t\t\t<div class=\"elementor-post__excerpt\">\n\t\t\t<p>El poder del tac\u00f3grafo remoto Descargar para aplicaciones de Gesti\u00f3n de Flotas y Gesti\u00f3n de Tac\u00f3grafos \u00bfQu\u00e9 es la descarga remota de tac\u00f3grafos y por<\/p>\n\t\t<\/div>\n\t\t\n\t\t<a class=\"elementor-post__read-more\" href=\"https:\/\/telematiqs.com\/es\/el-poder-de-la-descarga-a-distancia\/\" aria-label=\"M\u00e1s informaci\u00f3n sobre El poder de la descarga a distancia.\" tabindex=\"-1\" >\n\t\t\tSigue leyendo \"\t\t<\/a>\n\n\t\t\t\t<\/div>\n\t\t\t\t<div class=\"elementor-post__meta-data\">\n\t\t\t\t\t<span class=\"elementor-post-date\">\n\t\t\t10 de diciembre de 2024\t\t<\/span>\n\t\t\t\t<span class=\"elementor-post-avatar\">\n\t\t\tNo hay comentarios\t\t<\/span>\n\t\t\t\t<\/div>\n\t\t\t\t\t<\/div>\n\t\t<\/article>\n\t\t\t\t<article class=\"elementor-post elementor-grid-item post-3310 post type-post status-publish format-standard has-post-thumbnail hentry category-becario\" role=\"listitem\">\n\t\t\t<div class=\"elementor-post__card\">\n\t\t\t\t<a class=\"elementor-post__thumbnail__link\" href=\"https:\/\/telematiqs.com\/es\/nuevo-sitio-web\/\" tabindex=\"-1\" ><div class=\"elementor-post__thumbnail\"><img loading=\"lazy\" decoding=\"async\" width=\"300\" height=\"151\" src=\"https:\/\/telematiqs.com\/wp-content\/uploads\/2024\/06\/Tekengebied-1-300x151.webp\" class=\"attachment-medium size-medium wp-image-2124\" alt=\"Logo Black\" srcset=\"https:\/\/telematiqs.com\/wp-content\/uploads\/2024\/06\/Tekengebied-1-300x151.webp 300w, https:\/\/telematiqs.com\/wp-content\/uploads\/2024\/06\/Tekengebied-1-200x101.webp 200w, https:\/\/telematiqs.com\/wp-content\/uploads\/2024\/06\/Tekengebied-1.webp 309w\" sizes=\"(max-width: 300px) 100vw, 300px\" \/><\/div><\/a>\n\t\t\t\t<div class=\"elementor-post__badge\">Becario<\/div>\n\t\t\t\t<div class=\"elementor-post__avatar\">\n\t\t\t<img alt='WebMaster' src='https:\/\/secure.gravatar.com\/avatar\/ac00deb19516ad99405023149b95c45709f0e257ba62414bd533eb1721cfba9f?s=128&#038;d=mm&#038;r=g' srcset='https:\/\/secure.gravatar.com\/avatar\/ac00deb19516ad99405023149b95c45709f0e257ba62414bd533eb1721cfba9f?s=256&#038;d=mm&#038;r=g 2x' class='avatar avatar-128 photo' height='128' width='128' \/>\t\t<\/div>\n\t\t\t\t<div class=\"elementor-post__text\">\n\t\t\t\t<h3 class=\"elementor-post__title\">\n\t\t\t<a href=\"https:\/\/telematiqs.com\/es\/nuevo-sitio-web\/\" >\n\t\t\t\tNuevo sitio web\t\t\t<\/a>\n\t\t<\/h3>\n\t\t\t\t<div class=\"elementor-post__excerpt\">\n\t\t\t<p>Lanzamiento del nuevo sitio web de TelematiQs, que mejora la experiencia del usuario y la conectividad 9 de octubre de 2024 TelematiQs ha presentado oficialmente<\/p>\n\t\t<\/div>\n\t\t\n\t\t<a class=\"elementor-post__read-more\" href=\"https:\/\/telematiqs.com\/es\/nuevo-sitio-web\/\" aria-label=\"M\u00e1s informaci\u00f3n sobre Nuevo sitio web\" tabindex=\"-1\" >\n\t\t\tSigue leyendo \"\t\t<\/a>\n\n\t\t\t\t<\/div>\n\t\t\t\t<div class=\"elementor-post__meta-data\">\n\t\t\t\t\t<span class=\"elementor-post-date\">\n\t\t\t9 de octubre de 2024\t\t<\/span>\n\t\t\t\t<span class=\"elementor-post-avatar\">\n\t\t\tNo hay comentarios\t\t<\/span>\n\t\t\t\t<\/div>\n\t\t\t\t\t<\/div>\n\t\t<\/article>\n\t\t\t\t<\/div>\n\t\t\n\t\t\t\t\t\t<\/div>\n\t\t\t\t<\/div>\n\t\t\t\t\t<\/div>\n\t\t\t\t<\/div>\n\t\t\t\t<\/div>\n\t\t","protected":false},"excerpt":{"rendered":"","protected":false},"author":1,"featured_media":0,"parent":0,"menu_order":0,"comment_status":"closed","ping_status":"closed","template":"","meta":{"footnotes":""},"class_list":["post-3314","page","type-page","status-publish","hentry"],"yoast_head":"<!-- This site is optimized with the Yoast SEO plugin v27.3 - https:\/\/yoast.com\/product\/yoast-seo-wordpress\/ -->\n<title>Noticias - Fleetmanagment | GNSS | CAN-bus | BLE | telematiQs<\/title>\n<meta name=\"description\" content=\"Mantente al d\u00eda con las Noticias Telematiqs, tu fuente de las \u00faltimas tendencias, perspectivas e innovaciones en conectividad y tecnolog\u00eda. Explora art\u00edculos, informes y opiniones de expertos que dan forma al sector.\" \/>\n<meta name=\"robots\" content=\"index, follow, max-snippet:-1, max-image-preview:large, max-video-preview:-1\" \/>\n<link rel=\"canonical\" href=\"https:\/\/telematiqs.com\/es\/noticias\/\" \/>\n<meta property=\"og:locale\" content=\"es_ES\" \/>\n<meta property=\"og:type\" content=\"article\" \/>\n<meta property=\"og:title\" content=\"Noticias - Fleetmanagment | GNSS | CAN-bus | BLE | telematiQs\" \/>\n<meta property=\"og:description\" content=\"Mantente al d\u00eda con las Noticias Telematiqs, tu fuente de las \u00faltimas tendencias, perspectivas e innovaciones en conectividad y tecnolog\u00eda. Explora art\u00edculos, informes y opiniones de expertos que dan forma al sector.\" \/>\n<meta property=\"og:url\" content=\"https:\/\/telematiqs.com\/es\/noticias\/\" \/>\n<meta property=\"og:site_name\" content=\"Fleetmanagment | GNSS | CAN-bus | BLE | telematiQs\" \/>\n<meta property=\"article:modified_time\" content=\"2024-10-10T06:01:14+00:00\" \/>\n<meta name=\"twitter:card\" content=\"summary_large_image\" \/>\n<script type=\"application\/ld+json\" class=\"yoast-schema-graph\">{\"@context\":\"https:\\\/\\\/schema.org\",\"@graph\":[{\"@type\":\"WebPage\",\"@id\":\"https:\\\/\\\/telematiqs.com\\\/es\\\/noticias\\\/\",\"url\":\"https:\\\/\\\/telematiqs.com\\\/es\\\/noticias\\\/\",\"name\":\"Noticias - Fleetmanagment | GNSS | CAN-bus | BLE | telematiQs\",\"isPartOf\":{\"@id\":\"https:\\\/\\\/telematiqs.com\\\/es\\\/#website\"},\"datePublished\":\"2024-06-09T18:36:07+00:00\",\"dateModified\":\"2024-10-10T06:01:14+00:00\",\"description\":\"Mantente al d\u00eda con las Noticias Telematiqs, tu fuente de las \u00faltimas tendencias, perspectivas e innovaciones en conectividad y tecnolog\u00eda. Explora art\u00edculos, informes y opiniones de expertos que dan forma al sector.\",\"breadcrumb\":{\"@id\":\"https:\\\/\\\/telematiqs.com\\\/es\\\/noticias\\\/#breadcrumb\"},\"inLanguage\":\"es\",\"potentialAction\":[{\"@type\":\"ReadAction\",\"target\":[\"https:\\\/\\\/telematiqs.com\\\/es\\\/noticias\\\/\"]}]},{\"@type\":\"BreadcrumbList\",\"@id\":\"https:\\\/\\\/telematiqs.com\\\/es\\\/noticias\\\/#breadcrumb\",\"itemListElement\":[{\"@type\":\"ListItem\",\"position\":1,\"name\":\"Home\",\"item\":\"https:\\\/\\\/telematiqs.com\\\/es\\\/inicio\\\/\"},{\"@type\":\"ListItem\",\"position\":2,\"name\":\"Noticias\"}]},{\"@type\":\"WebSite\",\"@id\":\"https:\\\/\\\/telematiqs.com\\\/es\\\/#website\",\"url\":\"https:\\\/\\\/telematiqs.com\\\/es\\\/\",\"name\":\"Fleetmanagment | GNSS | CAN-bus | BLE | telematiQs\",\"description\":\"Transform vehicles into data\",\"publisher\":{\"@id\":\"https:\\\/\\\/telematiqs.com\\\/es\\\/#organization\"},\"potentialAction\":[{\"@type\":\"SearchAction\",\"target\":{\"@type\":\"EntryPoint\",\"urlTemplate\":\"https:\\\/\\\/telematiqs.com\\\/es\\\/?s={search_term_string}\"},\"query-input\":{\"@type\":\"PropertyValueSpecification\",\"valueRequired\":true,\"valueName\":\"search_term_string\"}}],\"inLanguage\":\"es\"},{\"@type\":\"Organization\",\"@id\":\"https:\\\/\\\/telematiqs.com\\\/es\\\/#organization\",\"name\":\"telematiQs\",\"url\":\"https:\\\/\\\/telematiqs.com\\\/es\\\/\",\"logo\":{\"@type\":\"ImageObject\",\"inLanguage\":\"es\",\"@id\":\"https:\\\/\\\/telematiqs.com\\\/es\\\/#\\\/schema\\\/logo\\\/image\\\/\",\"url\":\"https:\\\/\\\/telematiqs.com\\\/wp-content\\\/uploads\\\/2024\\\/06\\\/Tekengebied-1.webp\",\"contentUrl\":\"https:\\\/\\\/telematiqs.com\\\/wp-content\\\/uploads\\\/2024\\\/06\\\/Tekengebied-1.webp\",\"width\":309,\"height\":156,\"caption\":\"telematiQs\"},\"image\":{\"@id\":\"https:\\\/\\\/telematiqs.com\\\/es\\\/#\\\/schema\\\/logo\\\/image\\\/\"}}]}<\/script>\n<!-- \/ Yoast SEO plugin. -->","yoast_head_json":{"title":"Noticias - Fleetmanagment | GNSS | CAN-bus | BLE | telematiQs","description":"Mantente al d\u00eda con las Noticias Telematiqs, tu fuente de las \u00faltimas tendencias, perspectivas e innovaciones en conectividad y tecnolog\u00eda. Explora art\u00edculos, informes y opiniones de expertos que dan forma al sector.","robots":{"index":"index","follow":"follow","max-snippet":"max-snippet:-1","max-image-preview":"max-image-preview:large","max-video-preview":"max-video-preview:-1"},"canonical":"https:\/\/telematiqs.com\/es\/noticias\/","og_locale":"es_ES","og_type":"article","og_title":"Noticias - Fleetmanagment | GNSS | CAN-bus | BLE | telematiQs","og_description":"Mantente al d\u00eda con las Noticias Telematiqs, tu fuente de las \u00faltimas tendencias, perspectivas e innovaciones en conectividad y tecnolog\u00eda. Explora art\u00edculos, informes y opiniones de expertos que dan forma al sector.","og_url":"https:\/\/telematiqs.com\/es\/noticias\/","og_site_name":"Fleetmanagment | GNSS | CAN-bus | BLE | telematiQs","article_modified_time":"2024-10-10T06:01:14+00:00","twitter_card":"summary_large_image","schema":{"@context":"https:\/\/schema.org","@graph":[{"@type":"WebPage","@id":"https:\/\/telematiqs.com\/es\/noticias\/","url":"https:\/\/telematiqs.com\/es\/noticias\/","name":"Noticias - Fleetmanagment | GNSS | CAN-bus | BLE | telematiQs","isPartOf":{"@id":"https:\/\/telematiqs.com\/es\/#website"},"datePublished":"2024-06-09T18:36:07+00:00","dateModified":"2024-10-10T06:01:14+00:00","description":"Mantente al d\u00eda con las Noticias Telematiqs, tu fuente de las \u00faltimas tendencias, perspectivas e innovaciones en conectividad y tecnolog\u00eda. Explora art\u00edculos, informes y opiniones de expertos que dan forma al sector.","breadcrumb":{"@id":"https:\/\/telematiqs.com\/es\/noticias\/#breadcrumb"},"inLanguage":"es","potentialAction":[{"@type":"ReadAction","target":["https:\/\/telematiqs.com\/es\/noticias\/"]}]},{"@type":"BreadcrumbList","@id":"https:\/\/telematiqs.com\/es\/noticias\/#breadcrumb","itemListElement":[{"@type":"ListItem","position":1,"name":"Home","item":"https:\/\/telematiqs.com\/es\/inicio\/"},{"@type":"ListItem","position":2,"name":"Noticias"}]},{"@type":"WebSite","@id":"https:\/\/telematiqs.com\/es\/#website","url":"https:\/\/telematiqs.com\/es\/","name":"Fleetmanagment | GNSS | CAN-bus | BLE | telematiQs","description":"Transform vehicles into data","publisher":{"@id":"https:\/\/telematiqs.com\/es\/#organization"},"potentialAction":[{"@type":"SearchAction","target":{"@type":"EntryPoint","urlTemplate":"https:\/\/telematiqs.com\/es\/?s={search_term_string}"},"query-input":{"@type":"PropertyValueSpecification","valueRequired":true,"valueName":"search_term_string"}}],"inLanguage":"es"},{"@type":"Organization","@id":"https:\/\/telematiqs.com\/es\/#organization","name":"telematiQs","url":"https:\/\/telematiqs.com\/es\/","logo":{"@type":"ImageObject","inLanguage":"es","@id":"https:\/\/telematiqs.com\/es\/#\/schema\/logo\/image\/","url":"https:\/\/telematiqs.com\/wp-content\/uploads\/2024\/06\/Tekengebied-1.webp","contentUrl":"https:\/\/telematiqs.com\/wp-content\/uploads\/2024\/06\/Tekengebied-1.webp","width":309,"height":156,"caption":"telematiQs"},"image":{"@id":"https:\/\/telematiqs.com\/es\/#\/schema\/logo\/image\/"}}]}},"_links":{"self":[{"href":"https:\/\/telematiqs.com\/es\/wp-json\/wp\/v2\/pages\/3314","targetHints":{"allow":["GET"]}}],"collection":[{"href":"https:\/\/telematiqs.com\/es\/wp-json\/wp\/v2\/pages"}],"about":[{"href":"https:\/\/telematiqs.com\/es\/wp-json\/wp\/v2\/types\/page"}],"author":[{"embeddable":true,"href":"https:\/\/telematiqs.com\/es\/wp-json\/wp\/v2\/users\/1"}],"replies":[{"embeddable":true,"href":"https:\/\/telematiqs.com\/es\/wp-json\/wp\/v2\/comments?post=3314"}],"version-history":[{"count":1,"href":"https:\/\/telematiqs.com\/es\/wp-json\/wp\/v2\/pages\/3314\/revisions"}],"predecessor-version":[{"id":3315,"href":"https:\/\/telematiqs.com\/es\/wp-json\/wp\/v2\/pages\/3314\/revisions\/3315"}],"wp:attachment":[{"href":"https:\/\/telematiqs.com\/es\/wp-json\/wp\/v2\/media?parent=3314"}],"curies":[{"name":"wp","href":"https:\/\/api.w.org\/{rel}","templated":true}]}}