{"id":3318,"date":"2021-11-21T15:14:19","date_gmt":"2021-11-21T15:14:19","guid":{"rendered":"https:\/\/telematiqs.com\/acerca-de\/"},"modified":"2024-10-10T05:57:56","modified_gmt":"2024-10-10T05:57:56","slug":"acerca-de","status":"publish","type":"page","link":"https:\/\/telematiqs.com\/es\/acerca-de\/","title":{"rendered":"Acerca de"},"content":{"rendered":"\t\t<div data-elementor-type=\"wp-page\" data-elementor-id=\"3318\" class=\"elementor elementor-3318 elementor-1319\" data-elementor-post-type=\"page\">\n\t\t\t\t<div class=\"elementor-element elementor-element-99dd45c e-flex e-con-boxed e-con e-parent\" data-id=\"99dd45c\" data-element_type=\"container\" data-e-type=\"container\" data-settings=\"{&quot;background_background&quot;:&quot;classic&quot;}\">\n\t\t\t\t\t<div class=\"e-con-inner\">\n\t\t<div class=\"elementor-element elementor-element-e7eded0 e-con-full e-flex e-con e-child\" data-id=\"e7eded0\" data-element_type=\"container\" data-e-type=\"container\" data-settings=\"{&quot;background_background&quot;:&quot;classic&quot;}\">\n\t\t\t\t<div class=\"elementor-element elementor-element-2c6d56a elementor-widget elementor-widget-image\" data-id=\"2c6d56a\" data-element_type=\"widget\" data-e-type=\"widget\" data-widget_type=\"image.default\">\n\t\t\t\t<div class=\"elementor-widget-container\">\n\t\t\t\t\t\t\t\t\t\t\t\t\t\t\t<img decoding=\"async\" src=\"\/wp-content\/uploads\/2024\/03\/cropped-01102019logo.png\" title=\"\" alt=\"\" loading=\"lazy\" \/>\t\t\t\t\t\t\t\t\t\t\t\t\t\t\t<\/div>\n\t\t\t\t<\/div>\n\t\t\t\t<div class=\"elementor-element elementor-element-24d91bd elementor-widget elementor-widget-text-editor\" data-id=\"24d91bd\" data-element_type=\"widget\" data-e-type=\"widget\" data-widget_type=\"text-editor.default\">\n\t\t\t\t<div class=\"elementor-widget-container\">\n\t\t\t\t\t\t\t\t\t<p><em>En telematiQs, nos dedicamos a liberar el ilimitado potencial de la tecnolog\u00eda avanzada para revolucionar la gesti\u00f3n de flotas. Con m\u00e1s de 15 a\u00f1os de amplia experiencia en el sector en tres continentes, estamos orgullosos de servir a clientes de todo el mundo. Nuestra experiencia nos permite ofrecer soluciones de vanguardia que aumentan la eficacia, mejoran la seguridad y optimizan las operaciones de las flotas.  <\/em><\/p>\n<p><em>Creada con el objetivo de innovar en la gesti\u00f3n de flotas, telematiQs utiliza la telem\u00e1tica y el an\u00e1lisis de datos m\u00e1s avanzados para ofrecer una visi\u00f3n y un rendimiento inigualables. Capacitamos a los gestores y operadores de flotas para alcanzar un \u00e9xito notable mediante soluciones innovadoras, fiables y personalizadas. <\/em><\/p>\n<p><em>\u00danete a nosotros en nuestro empe\u00f1o por redefinir el futuro de la gesti\u00f3n de flotas y disfruta de las excepcionales ventajas de asociarte con un l\u00edder del sector.<\/em><\/p>\n\t\t\t\t\t\t\t\t<\/div>\n\t\t\t\t<\/div>\n\t\t\t\t<div class=\"elementor-element elementor-element-ebb9b44 elementor-widget elementor-widget-heading\" data-id=\"ebb9b44\" data-element_type=\"widget\" data-e-type=\"widget\" data-widget_type=\"heading.default\">\n\t\t\t\t<div class=\"elementor-widget-container\">\n\t\t\t\t\t<h4 class=\"elementor-heading-title elementor-size-default\">\u00bfPor qu\u00e9 elegir telematiQs?<\/h4>\t\t\t\t<\/div>\n\t\t\t\t<\/div>\n\t\t\t\t<div class=\"elementor-element elementor-element-4f26d89 elementor-widget elementor-widget-text-editor\" data-id=\"4f26d89\" data-element_type=\"widget\" data-e-type=\"widget\" data-widget_type=\"text-editor.default\">\n\t\t\t\t<div class=\"elementor-widget-container\">\n\t\t\t\t\t\t\t\t\t<ol>\n<li style=\"list-style-type: none;\">\n<ol>\n<li>\n<h6><strong>Soluciones integrales para veh\u00edculos y equipos<\/strong><\/h6>\n<p>Nuestro enfoque totalmente integrado combina firmware, hardware y software desarrollados internamente, proporcionando soluciones flexibles y escalables adaptadas a tus necesidades de gesti\u00f3n de flotas.<\/p>\n<\/li>\n<li>\n<h6><strong>Ampliabilidad modular<\/strong><\/h6>\n<p>Invierte s\u00f3lo en lo que necesites. Nuestras soluciones est\u00e1n dise\u00f1adas para crecer con tu negocio, garantiz\u00e1ndote que dispones de las herramientas adecuadas a medida que evolucionan tus necesidades. <\/p>\n<\/li>\n<li>\n<h6><strong>Alto rendimiento de la inversi\u00f3n<\/strong><\/h6>\n<p>Mejora la eficacia, la seguridad y el cumplimiento para reducir significativamente los costes y a\u00f1adir valor para tus clientes, proporcionando rendimientos cuantificables de tu inversi\u00f3n.<\/p>\n<\/li>\n<li>\n<h6><strong>Cumplimiento de la normativa<\/strong><\/h6>\n<p>Adel\u00e1ntate a normativas como ELD, HOS y DVIR con nuestros s\u00f3lidos sistemas, dise\u00f1ados para garantizar que tus operaciones cumplan siempre la normativa y sean eficientes.<\/p>\n<\/li>\n<\/ol>\n<\/li>\n<\/ol>\n\t\t\t\t\t\t\t\t<\/div>\n\t\t\t\t<\/div>\n\t\t\t\t<div class=\"elementor-element elementor-element-a5d90f9 elementor-widget elementor-widget-text-editor\" data-id=\"a5d90f9\" data-element_type=\"widget\" data-e-type=\"widget\" data-widget_type=\"text-editor.default\">\n\t\t\t\t<div class=\"elementor-widget-container\">\n\t\t\t\t\t\t\t\t\t<p>\u00a1<strong>Libera<\/strong> el potencial de tus servicios de gesti\u00f3n de flotas con telematiQs! Aprovecha las oportunidades que te esperan: <strong>ponte en contacto con nosotros hoy mismo para obtener m\u00e1s informaci\u00f3n.<\/strong><\/p>\n\t\t\t\t\t\t\t\t<\/div>\n\t\t\t\t<\/div>\n\t\t\t\t<\/div>\n\t\t\t\t\t<\/div>\n\t\t\t\t<\/div>\n\t\t\t\t<\/div>\n\t\t","protected":false},"excerpt":{"rendered":"<p>En telematiQs, nos dedicamos a liberar el ilimitado potencial de la tecnolog\u00eda avanzada para revolucionar la gesti\u00f3n de flotas. Con m\u00e1s de 15 a\u00f1os de amplia experiencia en el sector en tres continentes, estamos orgullosos de servir a clientes de todo el mundo. Nuestra experiencia nos permite ofrecer soluciones de vanguardia que aumentan la eficacia, [&hellip;]<\/p>\n","protected":false},"author":2,"featured_media":0,"parent":0,"menu_order":0,"comment_status":"closed","ping_status":"closed","template":"","meta":{"footnotes":""},"class_list":["post-3318","page","type-page","status-publish","hentry"],"yoast_head":"<!-- This site is optimized with the Yoast SEO plugin v27.3 - https:\/\/yoast.com\/product\/yoast-seo-wordpress\/ -->\n<title>Acerca de - Fleetmanagment | GNSS | CAN-bus | BLE | telematiQs<\/title>\n<meta name=\"description\" content=\"C\u00f3mo es telematiQs, Por qu\u00e9 Descubre Telematiqs, l\u00edder en soluciones innovadoras de datos. Conoce nuestra misi\u00f3n, nuestros valores y c\u00f3mo aprovechamos.\" \/>\n<meta name=\"robots\" content=\"index, follow, max-snippet:-1, max-image-preview:large, max-video-preview:-1\" \/>\n<link rel=\"canonical\" href=\"https:\/\/telematiqs.com\/es\/acerca-de\/\" \/>\n<meta property=\"og:locale\" content=\"es_ES\" \/>\n<meta property=\"og:type\" content=\"article\" \/>\n<meta property=\"og:title\" content=\"Acerca de - Fleetmanagment | GNSS | CAN-bus | BLE | telematiQs\" \/>\n<meta property=\"og:description\" content=\"C\u00f3mo es telematiQs, Por qu\u00e9 Descubre Telematiqs, l\u00edder en soluciones innovadoras de datos. Conoce nuestra misi\u00f3n, nuestros valores y c\u00f3mo aprovechamos.\" \/>\n<meta property=\"og:url\" content=\"https:\/\/telematiqs.com\/es\/acerca-de\/\" \/>\n<meta property=\"og:site_name\" content=\"Fleetmanagment | GNSS | CAN-bus | BLE | telematiQs\" \/>\n<meta property=\"article:modified_time\" content=\"2024-10-10T05:57:56+00:00\" \/>\n<meta name=\"twitter:card\" content=\"summary_large_image\" \/>\n<meta name=\"twitter:label1\" content=\"Tiempo de lectura\" \/>\n\t<meta name=\"twitter:data1\" content=\"2 minutos\" \/>\n<script type=\"application\/ld+json\" class=\"yoast-schema-graph\">{\"@context\":\"https:\\\/\\\/schema.org\",\"@graph\":[{\"@type\":\"WebPage\",\"@id\":\"https:\\\/\\\/telematiqs.com\\\/es\\\/acerca-de\\\/\",\"url\":\"https:\\\/\\\/telematiqs.com\\\/es\\\/acerca-de\\\/\",\"name\":\"Acerca de - Fleetmanagment | GNSS | CAN-bus | BLE | telematiQs\",\"isPartOf\":{\"@id\":\"https:\\\/\\\/telematiqs.com\\\/es\\\/#website\"},\"datePublished\":\"2021-11-21T15:14:19+00:00\",\"dateModified\":\"2024-10-10T05:57:56+00:00\",\"description\":\"C\u00f3mo es telematiQs, Por qu\u00e9 Descubre Telematiqs, l\u00edder en soluciones innovadoras de datos. Conoce nuestra misi\u00f3n, nuestros valores y c\u00f3mo aprovechamos.\",\"breadcrumb\":{\"@id\":\"https:\\\/\\\/telematiqs.com\\\/es\\\/acerca-de\\\/#breadcrumb\"},\"inLanguage\":\"es\",\"potentialAction\":[{\"@type\":\"ReadAction\",\"target\":[\"https:\\\/\\\/telematiqs.com\\\/es\\\/acerca-de\\\/\"]}]},{\"@type\":\"BreadcrumbList\",\"@id\":\"https:\\\/\\\/telematiqs.com\\\/es\\\/acerca-de\\\/#breadcrumb\",\"itemListElement\":[{\"@type\":\"ListItem\",\"position\":1,\"name\":\"Home\",\"item\":\"https:\\\/\\\/telematiqs.com\\\/es\\\/inicio\\\/\"},{\"@type\":\"ListItem\",\"position\":2,\"name\":\"Acerca de\"}]},{\"@type\":\"WebSite\",\"@id\":\"https:\\\/\\\/telematiqs.com\\\/es\\\/#website\",\"url\":\"https:\\\/\\\/telematiqs.com\\\/es\\\/\",\"name\":\"Fleetmanagment | GNSS | CAN-bus | BLE | telematiQs\",\"description\":\"Transform vehicles into data\",\"publisher\":{\"@id\":\"https:\\\/\\\/telematiqs.com\\\/es\\\/#organization\"},\"potentialAction\":[{\"@type\":\"SearchAction\",\"target\":{\"@type\":\"EntryPoint\",\"urlTemplate\":\"https:\\\/\\\/telematiqs.com\\\/es\\\/?s={search_term_string}\"},\"query-input\":{\"@type\":\"PropertyValueSpecification\",\"valueRequired\":true,\"valueName\":\"search_term_string\"}}],\"inLanguage\":\"es\"},{\"@type\":\"Organization\",\"@id\":\"https:\\\/\\\/telematiqs.com\\\/es\\\/#organization\",\"name\":\"telematiQs\",\"url\":\"https:\\\/\\\/telematiqs.com\\\/es\\\/\",\"logo\":{\"@type\":\"ImageObject\",\"inLanguage\":\"es\",\"@id\":\"https:\\\/\\\/telematiqs.com\\\/es\\\/#\\\/schema\\\/logo\\\/image\\\/\",\"url\":\"https:\\\/\\\/telematiqs.com\\\/wp-content\\\/uploads\\\/2024\\\/06\\\/Tekengebied-1.webp\",\"contentUrl\":\"https:\\\/\\\/telematiqs.com\\\/wp-content\\\/uploads\\\/2024\\\/06\\\/Tekengebied-1.webp\",\"width\":309,\"height\":156,\"caption\":\"telematiQs\"},\"image\":{\"@id\":\"https:\\\/\\\/telematiqs.com\\\/es\\\/#\\\/schema\\\/logo\\\/image\\\/\"}}]}<\/script>\n<!-- \/ Yoast SEO plugin. -->","yoast_head_json":{"title":"Acerca de - Fleetmanagment | GNSS | CAN-bus | BLE | telematiQs","description":"C\u00f3mo es telematiQs, Por qu\u00e9 Descubre Telematiqs, l\u00edder en soluciones innovadoras de datos. Conoce nuestra misi\u00f3n, nuestros valores y c\u00f3mo aprovechamos.","robots":{"index":"index","follow":"follow","max-snippet":"max-snippet:-1","max-image-preview":"max-image-preview:large","max-video-preview":"max-video-preview:-1"},"canonical":"https:\/\/telematiqs.com\/es\/acerca-de\/","og_locale":"es_ES","og_type":"article","og_title":"Acerca de - Fleetmanagment | GNSS | CAN-bus | BLE | telematiQs","og_description":"C\u00f3mo es telematiQs, Por qu\u00e9 Descubre Telematiqs, l\u00edder en soluciones innovadoras de datos. Conoce nuestra misi\u00f3n, nuestros valores y c\u00f3mo aprovechamos.","og_url":"https:\/\/telematiqs.com\/es\/acerca-de\/","og_site_name":"Fleetmanagment | GNSS | CAN-bus | BLE | telematiQs","article_modified_time":"2024-10-10T05:57:56+00:00","twitter_card":"summary_large_image","twitter_misc":{"Tiempo de lectura":"2 minutos"},"schema":{"@context":"https:\/\/schema.org","@graph":[{"@type":"WebPage","@id":"https:\/\/telematiqs.com\/es\/acerca-de\/","url":"https:\/\/telematiqs.com\/es\/acerca-de\/","name":"Acerca de - Fleetmanagment | GNSS | CAN-bus | BLE | telematiQs","isPartOf":{"@id":"https:\/\/telematiqs.com\/es\/#website"},"datePublished":"2021-11-21T15:14:19+00:00","dateModified":"2024-10-10T05:57:56+00:00","description":"C\u00f3mo es telematiQs, Por qu\u00e9 Descubre Telematiqs, l\u00edder en soluciones innovadoras de datos. Conoce nuestra misi\u00f3n, nuestros valores y c\u00f3mo aprovechamos.","breadcrumb":{"@id":"https:\/\/telematiqs.com\/es\/acerca-de\/#breadcrumb"},"inLanguage":"es","potentialAction":[{"@type":"ReadAction","target":["https:\/\/telematiqs.com\/es\/acerca-de\/"]}]},{"@type":"BreadcrumbList","@id":"https:\/\/telematiqs.com\/es\/acerca-de\/#breadcrumb","itemListElement":[{"@type":"ListItem","position":1,"name":"Home","item":"https:\/\/telematiqs.com\/es\/inicio\/"},{"@type":"ListItem","position":2,"name":"Acerca de"}]},{"@type":"WebSite","@id":"https:\/\/telematiqs.com\/es\/#website","url":"https:\/\/telematiqs.com\/es\/","name":"Fleetmanagment | GNSS | CAN-bus | BLE | telematiQs","description":"Transform vehicles into data","publisher":{"@id":"https:\/\/telematiqs.com\/es\/#organization"},"potentialAction":[{"@type":"SearchAction","target":{"@type":"EntryPoint","urlTemplate":"https:\/\/telematiqs.com\/es\/?s={search_term_string}"},"query-input":{"@type":"PropertyValueSpecification","valueRequired":true,"valueName":"search_term_string"}}],"inLanguage":"es"},{"@type":"Organization","@id":"https:\/\/telematiqs.com\/es\/#organization","name":"telematiQs","url":"https:\/\/telematiqs.com\/es\/","logo":{"@type":"ImageObject","inLanguage":"es","@id":"https:\/\/telematiqs.com\/es\/#\/schema\/logo\/image\/","url":"https:\/\/telematiqs.com\/wp-content\/uploads\/2024\/06\/Tekengebied-1.webp","contentUrl":"https:\/\/telematiqs.com\/wp-content\/uploads\/2024\/06\/Tekengebied-1.webp","width":309,"height":156,"caption":"telematiQs"},"image":{"@id":"https:\/\/telematiqs.com\/es\/#\/schema\/logo\/image\/"}}]}},"_links":{"self":[{"href":"https:\/\/telematiqs.com\/es\/wp-json\/wp\/v2\/pages\/3318","targetHints":{"allow":["GET"]}}],"collection":[{"href":"https:\/\/telematiqs.com\/es\/wp-json\/wp\/v2\/pages"}],"about":[{"href":"https:\/\/telematiqs.com\/es\/wp-json\/wp\/v2\/types\/page"}],"author":[{"embeddable":true,"href":"https:\/\/telematiqs.com\/es\/wp-json\/wp\/v2\/users\/2"}],"replies":[{"embeddable":true,"href":"https:\/\/telematiqs.com\/es\/wp-json\/wp\/v2\/comments?post=3318"}],"version-history":[{"count":1,"href":"https:\/\/telematiqs.com\/es\/wp-json\/wp\/v2\/pages\/3318\/revisions"}],"predecessor-version":[{"id":3319,"href":"https:\/\/telematiqs.com\/es\/wp-json\/wp\/v2\/pages\/3318\/revisions\/3319"}],"wp:attachment":[{"href":"https:\/\/telematiqs.com\/es\/wp-json\/wp\/v2\/media?parent=3318"}],"curies":[{"name":"wp","href":"https:\/\/api.w.org\/{rel}","templated":true}]}}